{"id":2056,"date":"2025-04-11T10:50:29","date_gmt":"2025-04-11T13:50:29","guid":{"rendered":"https:\/\/jramortecedores.com.br\/produtos\/?post_type=product&#038;p=2056"},"modified":"2025-04-15T21:48:33","modified_gmt":"2025-04-16T00:48:33","slug":"mola-dianteira-renault-clio-1-0-1-6-e-symbol-99-11","status":"publish","type":"product","link":"https:\/\/jramortecedores.com.br\/produtos\/produto\/mola-dianteira-renault-clio-1-0-1-6-e-symbol-99-11\/","title":{"rendered":"Par de Molas Dianteiras Novas \u2013 Renault Clio 1.0 \/ 1.6 e Renault Symbol (1999 a 2011)"},"content":{"rendered":"<p class=\"\" data-start=\"542\" data-end=\"762\">A <strong data-start=\"544\" data-end=\"564\">JR Amortecedores<\/strong>, refer\u00eancia em suspens\u00e3o automotiva desde 1993, apresenta este <strong data-start=\"628\" data-end=\"661\">par de molas dianteiras novas<\/strong>, compat\u00edveis com <strong data-start=\"679\" data-end=\"705\">Renault Clio 1.0 e 1.6<\/strong> e <strong data-start=\"708\" data-end=\"726\">Renault Symbol<\/strong> fabricados entre <strong data-start=\"744\" data-end=\"759\">1999 e 2011<\/strong>.<\/p>\n<p class=\"\" data-start=\"764\" data-end=\"1064\">Fabricadas com mat\u00e9ria-prima de alta qualidade e projetadas para manter a <strong data-start=\"838\" data-end=\"868\">altura original de f\u00e1brica<\/strong>, essas molas garantem excelente desempenho, conforto e seguran\u00e7a para seu ve\u00edculo. S\u00e3o ideais para quem busca uma reposi\u00e7\u00e3o confi\u00e1vel, sem abrir m\u00e3o da estabilidade e do alinhamento da suspens\u00e3o.<\/p>\n<p class=\"\" data-start=\"1066\" data-end=\"1262\">Vendidas <strong data-start=\"1075\" data-end=\"1095\">somente em pares<\/strong>, asseguram um desgaste uniforme e uma suspens\u00e3o dianteira equilibrada. E para sua total tranquilidade, oferecemos <strong data-start=\"1210\" data-end=\"1261\">garantia de 1 ano contra defeitos de fabrica\u00e7\u00e3o<\/strong>.<\/p>\n<ul data-start=\"1264\" data-end=\"1554\">\n<li class=\"\" data-start=\"1264\" data-end=\"1361\">\n<p class=\"\" data-start=\"1266\" data-end=\"1361\">Compat\u00edvel com:<br data-start=\"1281\" data-end=\"1284\" \/>\u25b8 Renault Clio 1.0 \/ 1.6 (1999 a 2011)<br data-start=\"1324\" data-end=\"1327\" \/>\u25b8 Renault Symbol (1999 a 2011)<\/p>\n<\/li>\n<li class=\"\" data-start=\"1362\" data-end=\"1386\">\n<p class=\"\" data-start=\"1364\" data-end=\"1386\">Aplica\u00e7\u00e3o: Dianteira<\/p>\n<\/li>\n<li class=\"\" data-start=\"1387\" data-end=\"1401\">\n<p class=\"\" data-start=\"1389\" data-end=\"1401\">Tipo: Nova<\/p>\n<\/li>\n<li class=\"\" data-start=\"1402\" data-end=\"1422\">\n<p class=\"\" data-start=\"1404\" data-end=\"1422\">Altura: Original<\/p>\n<\/li>\n<li class=\"\" data-start=\"1423\" data-end=\"1446\">\n<p class=\"\" data-start=\"1425\" data-end=\"1446\">Garantia: <strong data-start=\"1435\" data-end=\"1444\">1 ano<\/strong><\/p>\n<\/li>\n<li class=\"\" data-start=\"1447\" data-end=\"1476\">\n<p class=\"\" data-start=\"1449\" data-end=\"1476\">Unidade de venda: <strong data-start=\"1467\" data-end=\"1474\">Par<\/strong><\/p>\n<\/li>\n<\/ul>\n","protected":false},"excerpt":{"rendered":"<p>Par de molas dianteiras novas para Renault Clio (1.0 e 1.6) e Renault Symbol, modelos de 1999 a 2011. Altura original, garantia de 1 ano e venda exclusiva em pares.<\/p>\n","protected":false},"featured_media":2057,"template":"","meta":{"_et_pb_use_builder":"","_et_pb_old_content":"","_et_gb_content_width":""},"product_brand":[],"product_cat":[15,83],"product_tag":[],"class_list":{"0":"post-2056","1":"product","2":"type-product","3":"status-publish","4":"has-post-thumbnail","6":"product_cat-molas","7":"product_cat-novas","9":"first","10":"instock","11":"sale","12":"shipping-taxable","13":"purchasable","14":"product-type-simple"},"_links":{"self":[{"href":"https:\/\/jramortecedores.com.br\/produtos\/wp-json\/wp\/v2\/product\/2056","targetHints":{"allow":["GET"]}}],"collection":[{"href":"https:\/\/jramortecedores.com.br\/produtos\/wp-json\/wp\/v2\/product"}],"about":[{"href":"https:\/\/jramortecedores.com.br\/produtos\/wp-json\/wp\/v2\/types\/product"}],"wp:featuredmedia":[{"embeddable":true,"href":"https:\/\/jramortecedores.com.br\/produtos\/wp-json\/wp\/v2\/media\/2057"}],"wp:attachment":[{"href":"https:\/\/jramortecedores.com.br\/produtos\/wp-json\/wp\/v2\/media?parent=2056"}],"wp:term":[{"taxonomy":"product_brand","embeddable":true,"href":"https:\/\/jramortecedores.com.br\/produtos\/wp-json\/wp\/v2\/product_brand?post=2056"},{"taxonomy":"product_cat","embeddable":true,"href":"https:\/\/jramortecedores.com.br\/produtos\/wp-json\/wp\/v2\/product_cat?post=2056"},{"taxonomy":"product_tag","embeddable":true,"href":"https:\/\/jramortecedores.com.br\/produtos\/wp-json\/wp\/v2\/product_tag?post=2056"}],"curies":[{"name":"wp","href":"https:\/\/api.w.org\/{rel}","templated":true}]}}