{"id":2058,"date":"2025-04-11T10:58:52","date_gmt":"2025-04-11T13:58:52","guid":{"rendered":"https:\/\/jramortecedores.com.br\/produtos\/?post_type=product&#038;p=2058"},"modified":"2025-04-11T11:03:03","modified_gmt":"2025-04-11T14:03:03","slug":"mola-dianteira-gol-parati-voyage-e-saveiro-ate-96-modelo-quadrado","status":"publish","type":"product","link":"https:\/\/jramortecedores.com.br\/produtos\/produto\/mola-dianteira-gol-parati-voyage-e-saveiro-ate-96-modelo-quadrado\/","title":{"rendered":"Mola Dianteira Gol, Parati, Voyage e Saveiro at\u00e9 96 (Modelo Quadrado)"},"content":{"rendered":"<p class=\"\" data-start=\"437\" data-end=\"756\">O par de molas dianteiras ML700-NOVA \u00e9 a solu\u00e7\u00e3o ideal para restaurar o conforto e a estabilidade da suspens\u00e3o dos modelos Gol, Parati, Voyage e Saveiro at\u00e9 o ano de 1996. Produzidas pela JR AMORTECEDORES, essas molas garantem excelente desempenho, resist\u00eancia e ajuste perfeito ao sistema original do ve\u00edculo.<\/p>\n<p class=\"\" data-start=\"758\" data-end=\"950\">Vendidas exclusivamente em par, s\u00e3o recomendadas para manter o equil\u00edbrio da suspens\u00e3o e evitar desgastes desiguais. Perfeitas para quem busca reposi\u00e7\u00e3o de qualidade com \u00f3timo custo-benef\u00edcio.<\/p>\n<ul data-start=\"952\" data-end=\"1114\">\n<li class=\"\" data-start=\"952\" data-end=\"1014\">\n<p class=\"\" data-start=\"954\" data-end=\"1014\">Compat\u00edvel com: Gol \/ Parati \/ Voyage \/ Saveiro (at\u00e9 1996)<\/p>\n<\/li>\n<li class=\"\" data-start=\"1015\" data-end=\"1039\">\n<p class=\"\" data-start=\"1017\" data-end=\"1039\">Aplica\u00e7\u00e3o: Dianteira<\/p>\n<\/li>\n<li class=\"\" data-start=\"1040\" data-end=\"1059\">\n<p class=\"\" data-start=\"1042\" data-end=\"1059\">Marca: JR AMORTECEDORES<\/p>\n<\/li>\n<li class=\"\" data-start=\"1060\" data-end=\"1084\">\n<p class=\"\" data-start=\"1062\" data-end=\"1084\">Categoria: Mola nova<\/p>\n<\/li>\n<li class=\"\" data-start=\"1085\" data-end=\"1114\">\n<p class=\"\" data-start=\"1087\" data-end=\"1114\">Unidade de venda: <strong data-start=\"1105\" data-end=\"1112\">Par<\/strong><\/p>\n<\/li>\n<\/ul>\n<h4 class=\"\" data-start=\"1116\" data-end=\"1146\"><\/h4>\n","protected":false},"excerpt":{"rendered":"<p>Par de molas dianteiras compat\u00edvel com Gol, Parati, Voyage e Saveiro at\u00e9 1996 (modelo quadrado). Produto novo, da marca JR AMORTECEDORES.<\/p>\n","protected":false},"featured_media":2060,"template":"","meta":{"_et_pb_use_builder":"","_et_pb_old_content":"","_et_gb_content_width":""},"product_brand":[],"product_cat":[15,83],"product_tag":[],"class_list":{"0":"post-2058","1":"product","2":"type-product","3":"status-publish","4":"has-post-thumbnail","6":"product_cat-molas","7":"product_cat-novas","9":"first","10":"instock","11":"sale","12":"shipping-taxable","13":"purchasable","14":"product-type-simple"},"_links":{"self":[{"href":"https:\/\/jramortecedores.com.br\/produtos\/wp-json\/wp\/v2\/product\/2058","targetHints":{"allow":["GET"]}}],"collection":[{"href":"https:\/\/jramortecedores.com.br\/produtos\/wp-json\/wp\/v2\/product"}],"about":[{"href":"https:\/\/jramortecedores.com.br\/produtos\/wp-json\/wp\/v2\/types\/product"}],"wp:featuredmedia":[{"embeddable":true,"href":"https:\/\/jramortecedores.com.br\/produtos\/wp-json\/wp\/v2\/media\/2060"}],"wp:attachment":[{"href":"https:\/\/jramortecedores.com.br\/produtos\/wp-json\/wp\/v2\/media?parent=2058"}],"wp:term":[{"taxonomy":"product_brand","embeddable":true,"href":"https:\/\/jramortecedores.com.br\/produtos\/wp-json\/wp\/v2\/product_brand?post=2058"},{"taxonomy":"product_cat","embeddable":true,"href":"https:\/\/jramortecedores.com.br\/produtos\/wp-json\/wp\/v2\/product_cat?post=2058"},{"taxonomy":"product_tag","embeddable":true,"href":"https:\/\/jramortecedores.com.br\/produtos\/wp-json\/wp\/v2\/product_tag?post=2058"}],"curies":[{"name":"wp","href":"https:\/\/api.w.org\/{rel}","templated":true}]}}