{"id":2064,"date":"2025-04-15T11:57:50","date_gmt":"2025-04-15T14:57:50","guid":{"rendered":"https:\/\/jramortecedores.com.br\/produtos\/?post_type=product&#038;p=2064"},"modified":"2025-04-28T19:43:16","modified_gmt":"2025-04-28T22:43:16","slug":"par-de-molas-traseiras-fiat-siena-ate-2000-exceto-fire","status":"publish","type":"product","link":"https:\/\/jramortecedores.com.br\/produtos\/produto\/par-de-molas-traseiras-fiat-siena-ate-2000-exceto-fire\/","title":{"rendered":"Par de Molas Traseiras Fiat Siena at\u00e9 2000 (Exceto Fire)"},"content":{"rendered":"<p class=\"\" data-start=\"624\" data-end=\"892\">O par de molas traseiras foi desenvolvido para proporcionar estabilidade, conforto e seguran\u00e7a ao Fiat Siena at\u00e9 o ano 2000 (exceto modelos com motoriza\u00e7\u00e3o Fire). Essas molas garantem a altura ideal da suspens\u00e3o traseira e suportam as exig\u00eancias do uso di\u00e1rio.<\/p>\n<p class=\"\" data-start=\"894\" data-end=\"1135\">Fabricadas com material resistente e dur\u00e1vel, s\u00e3o a escolha ideal para quem deseja manter o bom desempenho da suspens\u00e3o original. Produto indicado para manuten\u00e7\u00e3o preventiva e corretiva, sempre vendido em par, garantindo equil\u00edbrio na troca.<\/p>\n<ul data-start=\"1137\" data-end=\"1286\">\n<li class=\"\" data-start=\"1137\" data-end=\"1191\">\n<p class=\"\" data-start=\"1139\" data-end=\"1191\">Compat\u00edvel com: Fiat Siena (at\u00e9 2000, exceto Fire)<\/p>\n<\/li>\n<li class=\"\" data-start=\"1192\" data-end=\"1215\">\n<p class=\"\" data-start=\"1194\" data-end=\"1215\">Aplica\u00e7\u00e3o: Traseira<\/p>\n<\/li>\n<li class=\"\" data-start=\"1216\" data-end=\"1245\">\n<p class=\"\" data-start=\"1218\" data-end=\"1245\">Unidade de venda: <strong data-start=\"1236\" data-end=\"1243\">Par<\/strong><\/p>\n<\/li>\n<\/ul>\n","protected":false},"excerpt":{"rendered":"<p>Par de molas traseiras compat\u00edvel com Fiat Siena fabricado at\u00e9 o ano 2000, exceto vers\u00f5es com motor Fire. Produto novo, ideal para reposi\u00e7\u00e3o.<\/p>\n","protected":false},"featured_media":2143,"template":"","meta":{"_et_pb_use_builder":"","_et_pb_old_content":"","_et_gb_content_width":""},"product_brand":[],"product_cat":[15,85],"product_tag":[],"class_list":{"0":"post-2064","1":"product","2":"type-product","3":"status-publish","4":"has-post-thumbnail","6":"product_cat-molas","7":"product_cat-remanufaturadas","9":"first","10":"instock","11":"sale","12":"shipping-taxable","13":"purchasable","14":"product-type-simple"},"_links":{"self":[{"href":"https:\/\/jramortecedores.com.br\/produtos\/wp-json\/wp\/v2\/product\/2064","targetHints":{"allow":["GET"]}}],"collection":[{"href":"https:\/\/jramortecedores.com.br\/produtos\/wp-json\/wp\/v2\/product"}],"about":[{"href":"https:\/\/jramortecedores.com.br\/produtos\/wp-json\/wp\/v2\/types\/product"}],"wp:featuredmedia":[{"embeddable":true,"href":"https:\/\/jramortecedores.com.br\/produtos\/wp-json\/wp\/v2\/media\/2143"}],"wp:attachment":[{"href":"https:\/\/jramortecedores.com.br\/produtos\/wp-json\/wp\/v2\/media?parent=2064"}],"wp:term":[{"taxonomy":"product_brand","embeddable":true,"href":"https:\/\/jramortecedores.com.br\/produtos\/wp-json\/wp\/v2\/product_brand?post=2064"},{"taxonomy":"product_cat","embeddable":true,"href":"https:\/\/jramortecedores.com.br\/produtos\/wp-json\/wp\/v2\/product_cat?post=2064"},{"taxonomy":"product_tag","embeddable":true,"href":"https:\/\/jramortecedores.com.br\/produtos\/wp-json\/wp\/v2\/product_tag?post=2064"}],"curies":[{"name":"wp","href":"https:\/\/api.w.org\/{rel}","templated":true}]}}