{"id":2067,"date":"2025-04-15T21:37:08","date_gmt":"2025-04-16T00:37:08","guid":{"rendered":"https:\/\/jramortecedores.com.br\/produtos\/?post_type=product&#038;p=2067"},"modified":"2025-04-15T21:49:51","modified_gmt":"2025-04-16T00:49:51","slug":"par-de-molas-traseiras-ford-new-fiesta-novo-ka-2013","status":"publish","type":"product","link":"https:\/\/jramortecedores.com.br\/produtos\/produto\/par-de-molas-traseiras-ford-new-fiesta-novo-ka-2013\/","title":{"rendered":"Par de Molas Traseiras Ford New Fiesta \/ Novo Ka 2013+"},"content":{"rendered":"<p class=\"\" data-start=\"533\" data-end=\"820\">Na <strong data-start=\"536\" data-end=\"556\">JR Amortecedores<\/strong>, tradi\u00e7\u00e3o e qualidade andam juntas! Com mais de 30 anos de experi\u00eancia em suspens\u00e3o automotiva, oferecemos este <strong data-start=\"669\" data-end=\"711\">par de molas traseiras remanufaturadas<\/strong> com padr\u00e3o original para os modelos <strong data-start=\"748\" data-end=\"767\">Ford New Fiesta<\/strong> e <strong data-start=\"770\" data-end=\"786\">Ford Novo Ka<\/strong>, fabricados <strong data-start=\"799\" data-end=\"819\">a partir de 2013<\/strong>.<\/p>\n<p class=\"\" data-start=\"822\" data-end=\"1142\">As molas passam por um rigoroso processo de remanufatura, que inclui an\u00e1lise estrutural, tratamento t\u00e9rmico e pintura anticorrosiva, resultando em um produto confi\u00e1vel, resistente e com desempenho compar\u00e1vel ao original. A <strong data-start=\"1045\" data-end=\"1077\">altura original \u00e9 preservada<\/strong>, garantindo estabilidade, conforto e seguran\u00e7a para o seu carro.<\/p>\n<p class=\"\" data-start=\"1144\" data-end=\"1330\">A venda \u00e9 realizada <strong data-start=\"1164\" data-end=\"1191\">exclusivamente em pares<\/strong>, assegurando o equil\u00edbrio da suspens\u00e3o traseira. E para sua tranquilidade, oferecemos <strong data-start=\"1278\" data-end=\"1329\">garantia de 1 ano contra defeitos de fabrica\u00e7\u00e3o<\/strong>.<\/p>\n<ul data-start=\"1332\" data-end=\"1636\">\n<li class=\"\" data-start=\"1332\" data-end=\"1426\">\n<p class=\"\" data-start=\"1334\" data-end=\"1426\">Compat\u00edvel com:<br data-start=\"1349\" data-end=\"1352\" \/>\u25b8 Ford New Fiesta (2013 em diante)<br data-start=\"1388\" data-end=\"1391\" \/>\u25b8 Ford Novo Ka (2013 em diante)<\/p>\n<\/li>\n<li class=\"\" data-start=\"1427\" data-end=\"1450\">\n<p class=\"\" data-start=\"1429\" data-end=\"1450\">Aplica\u00e7\u00e3o: Traseira<\/p>\n<\/li>\n<li class=\"\" data-start=\"1451\" data-end=\"1475\">\n<p class=\"\" data-start=\"1453\" data-end=\"1475\">Tipo: Remanufaturada<\/p>\n<\/li>\n<li class=\"\" data-start=\"1476\" data-end=\"1507\">\n<p class=\"\" data-start=\"1478\" data-end=\"1507\">Altura: Original de f\u00e1brica<\/p>\n<\/li>\n<li class=\"\" data-start=\"1508\" data-end=\"1531\">\n<p class=\"\" data-start=\"1510\" data-end=\"1531\">Garantia: <strong data-start=\"1520\" data-end=\"1529\">1 ano<\/strong><\/p>\n<\/li>\n<li class=\"\" data-start=\"1532\" data-end=\"1561\">\n<p class=\"\" data-start=\"1534\" data-end=\"1561\">Unidade de venda: <strong data-start=\"1552\" data-end=\"1559\">Par<\/strong><\/p>\n<\/li>\n<li class=\"\" data-start=\"1562\" data-end=\"1636\">\n<p class=\"\" data-start=\"1564\" data-end=\"1636\">Fornecido por: <strong data-start=\"1579\" data-end=\"1636\">JR Amortecedores \u2013 Excel\u00eancia em suspens\u00e3o desde 1993<\/strong><\/p>\n<\/li>\n<\/ul>\n","protected":false},"excerpt":{"rendered":"<p>Par de molas traseiras remanufaturadas para Ford New Fiesta e Novo Ka a partir de 2013. Altura original preservada, garantia de 1 ano e venda exclusiva em pares.<\/p>\n","protected":false},"featured_media":2068,"template":"","meta":{"_et_pb_use_builder":"","_et_pb_old_content":"","_et_gb_content_width":""},"product_brand":[],"product_cat":[15,85],"product_tag":[],"class_list":{"0":"post-2067","1":"product","2":"type-product","3":"status-publish","4":"has-post-thumbnail","6":"product_cat-molas","7":"product_cat-remanufaturadas","9":"first","10":"instock","11":"sale","12":"shipping-taxable","13":"purchasable","14":"product-type-simple"},"_links":{"self":[{"href":"https:\/\/jramortecedores.com.br\/produtos\/wp-json\/wp\/v2\/product\/2067","targetHints":{"allow":["GET"]}}],"collection":[{"href":"https:\/\/jramortecedores.com.br\/produtos\/wp-json\/wp\/v2\/product"}],"about":[{"href":"https:\/\/jramortecedores.com.br\/produtos\/wp-json\/wp\/v2\/types\/product"}],"wp:featuredmedia":[{"embeddable":true,"href":"https:\/\/jramortecedores.com.br\/produtos\/wp-json\/wp\/v2\/media\/2068"}],"wp:attachment":[{"href":"https:\/\/jramortecedores.com.br\/produtos\/wp-json\/wp\/v2\/media?parent=2067"}],"wp:term":[{"taxonomy":"product_brand","embeddable":true,"href":"https:\/\/jramortecedores.com.br\/produtos\/wp-json\/wp\/v2\/product_brand?post=2067"},{"taxonomy":"product_cat","embeddable":true,"href":"https:\/\/jramortecedores.com.br\/produtos\/wp-json\/wp\/v2\/product_cat?post=2067"},{"taxonomy":"product_tag","embeddable":true,"href":"https:\/\/jramortecedores.com.br\/produtos\/wp-json\/wp\/v2\/product_tag?post=2067"}],"curies":[{"name":"wp","href":"https:\/\/api.w.org\/{rel}","templated":true}]}}