{"id":2084,"date":"2025-04-26T16:36:54","date_gmt":"2025-04-26T19:36:54","guid":{"rendered":"https:\/\/jramortecedores.com.br\/produtos\/?post_type=product&#038;p=2084"},"modified":"2025-04-28T19:22:59","modified_gmt":"2025-04-28T22:22:59","slug":"par-de-molas-dianteiras-remanufaturadas-honda-fit-2003-a-2008","status":"publish","type":"product","link":"https:\/\/jramortecedores.com.br\/produtos\/produto\/par-de-molas-dianteiras-remanufaturadas-honda-fit-2003-a-2008\/","title":{"rendered":"Par de Molas Dianteiras Remanufaturadas \u2013 Honda Fit (2004 a 2008)"},"content":{"rendered":"<p class=\"\" data-start=\"372\" data-end=\"645\"><strong data-start=\"377\" data-end=\"420\">Par de molas dianteiras remanufaturadas<\/strong>\u00a0<strong data-start=\"494\" data-end=\"507\">Honda Fit<\/strong>. Compat\u00edvel com modelos fabricados entre <strong data-start=\"549\" data-end=\"564\">2004 e 2008<\/strong>, as molas oferecem excelente desempenho e seguran\u00e7a para o sistema de suspens\u00e3o.<\/p>\n<p class=\"\" data-start=\"647\" data-end=\"866\">As molas passam por um rigoroso processo de remanufatura, que inclui inspe\u00e7\u00e3o estrutural, retrabalho t\u00e9rmico, testes de resist\u00eancia e pintura protetiva, garantindo alta durabilidade e qualidade compar\u00e1vel a pe\u00e7as novas.<\/p>\n<p class=\"\" data-start=\"868\" data-end=\"1047\">A venda \u00e9 realizada <strong data-start=\"888\" data-end=\"908\">somente em pares<\/strong>, assegurando o correto equil\u00edbrio e funcionamento da suspens\u00e3o dianteira. Produto com <strong data-start=\"995\" data-end=\"1046\">garantia de 1 ano contra defeitos de fabrica\u00e7\u00e3o<\/strong>.<\/p>\n<ul data-start=\"1049\" data-end=\"1232\">\n<li class=\"\" data-start=\"1049\" data-end=\"1098\">\n<p class=\"\" data-start=\"1051\" data-end=\"1098\">Compat\u00edvel com:<br data-start=\"1066\" data-end=\"1069\" \/>\u25b8 Honda Fit (2004 a 2008)<\/p>\n<\/li>\n<li class=\"\" data-start=\"1099\" data-end=\"1123\">\n<p class=\"\" data-start=\"1101\" data-end=\"1123\">Aplica\u00e7\u00e3o: Dianteira<\/p>\n<\/li>\n<li class=\"\" data-start=\"1124\" data-end=\"1148\">\n<p class=\"\" data-start=\"1126\" data-end=\"1148\">Tipo: Remanufaturada<\/p>\n<\/li>\n<li class=\"\" data-start=\"1149\" data-end=\"1180\">\n<p class=\"\" data-start=\"1151\" data-end=\"1180\">Altura: Original de f\u00e1brica<\/p>\n<\/li>\n<li class=\"\" data-start=\"1181\" data-end=\"1204\">\n<p class=\"\" data-start=\"1183\" data-end=\"1204\">Garantia: <strong data-start=\"1193\" data-end=\"1202\">1 ano<\/strong><\/p>\n<\/li>\n<li class=\"\" data-start=\"1205\" data-end=\"1232\">\n<p class=\"\" data-start=\"1207\" data-end=\"1232\">Unidade de venda: <strong data-start=\"1225\" data-end=\"1232\">Par<\/strong><\/p>\n<\/li>\n<\/ul>\n","protected":false},"excerpt":{"rendered":"<p>Par de molas dianteiras remanufaturadas para Honda Fit de 2004 a 2008. Garantia de 1 ano e venda exclusiva em pares.<\/p>\n","protected":false},"featured_media":2085,"template":"","meta":{"_et_pb_use_builder":"","_et_pb_old_content":"","_et_gb_content_width":""},"product_brand":[],"product_cat":[15,85],"product_tag":[],"class_list":{"0":"post-2084","1":"product","2":"type-product","3":"status-publish","4":"has-post-thumbnail","6":"product_cat-molas","7":"product_cat-remanufaturadas","9":"first","10":"instock","11":"sale","12":"shipping-taxable","13":"purchasable","14":"product-type-simple"},"_links":{"self":[{"href":"https:\/\/jramortecedores.com.br\/produtos\/wp-json\/wp\/v2\/product\/2084","targetHints":{"allow":["GET"]}}],"collection":[{"href":"https:\/\/jramortecedores.com.br\/produtos\/wp-json\/wp\/v2\/product"}],"about":[{"href":"https:\/\/jramortecedores.com.br\/produtos\/wp-json\/wp\/v2\/types\/product"}],"wp:featuredmedia":[{"embeddable":true,"href":"https:\/\/jramortecedores.com.br\/produtos\/wp-json\/wp\/v2\/media\/2085"}],"wp:attachment":[{"href":"https:\/\/jramortecedores.com.br\/produtos\/wp-json\/wp\/v2\/media?parent=2084"}],"wp:term":[{"taxonomy":"product_brand","embeddable":true,"href":"https:\/\/jramortecedores.com.br\/produtos\/wp-json\/wp\/v2\/product_brand?post=2084"},{"taxonomy":"product_cat","embeddable":true,"href":"https:\/\/jramortecedores.com.br\/produtos\/wp-json\/wp\/v2\/product_cat?post=2084"},{"taxonomy":"product_tag","embeddable":true,"href":"https:\/\/jramortecedores.com.br\/produtos\/wp-json\/wp\/v2\/product_tag?post=2084"}],"curies":[{"name":"wp","href":"https:\/\/api.w.org\/{rel}","templated":true}]}}