{"id":2088,"date":"2025-04-26T17:08:18","date_gmt":"2025-04-26T20:08:18","guid":{"rendered":"https:\/\/jramortecedores.com.br\/produtos\/?post_type=product&#038;p=2088"},"modified":"2025-04-28T19:35:04","modified_gmt":"2025-04-28T22:35:04","slug":"par-de-molas-traseiras-remanufaturadas-ford-ecosport-2003-a-2012","status":"publish","type":"product","link":"https:\/\/jramortecedores.com.br\/produtos\/produto\/par-de-molas-traseiras-remanufaturadas-ford-ecosport-2003-a-2012\/","title":{"rendered":"Par de Molas Traseiras Remanufaturadas \u2013 Ford EcoSport (2003 a 2012)"},"content":{"rendered":"<p class=\"\" data-start=\"410\" data-end=\"739\">Este <strong data-start=\"415\" data-end=\"457\">par de molas traseiras remanufaturadas<\/strong> \u00e9 perfeito para restaurar a estabilidade e o conforto do <strong data-start=\"515\" data-end=\"532\">Ford EcoSport<\/strong> fabricado entre <strong data-start=\"549\" data-end=\"564\">2003 e 2012<\/strong>. Produzidas para manter a <strong data-start=\"591\" data-end=\"621\">altura original de f\u00e1brica<\/strong>, as molas proporcionam um desempenho seguro e confi\u00e1vel, mantendo as caracter\u00edsticas originais de rodagem do ve\u00edculo.<\/p>\n<p class=\"\" data-start=\"741\" data-end=\"956\">As molas passam por um criterioso processo de remanufatura, que inclui inspe\u00e7\u00e3o t\u00e9cnica, retrabalho t\u00e9rmico, testes de resist\u00eancia e aplica\u00e7\u00e3o de tratamento anticorrosivo, garantindo alta durabilidade e performance.<\/p>\n<p class=\"\" data-start=\"958\" data-end=\"1153\">A venda \u00e9 feita <strong data-start=\"974\" data-end=\"994\">somente em pares<\/strong>, promovendo o equil\u00edbrio correto da suspens\u00e3o traseira e assegurando a seguran\u00e7a do conjunto. Produto com <strong data-start=\"1101\" data-end=\"1152\">garantia de 1 ano contra defeitos de fabrica\u00e7\u00e3o<\/strong>.<\/p>\n<ul data-start=\"1155\" data-end=\"1341\">\n<li class=\"\" data-start=\"1155\" data-end=\"1208\">\n<p class=\"\" data-start=\"1157\" data-end=\"1208\">Compat\u00edvel com:<br data-start=\"1172\" data-end=\"1175\" \/>\u25b8 Ford EcoSport (2003 a 2012)<\/p>\n<\/li>\n<li class=\"\" data-start=\"1209\" data-end=\"1232\">\n<p class=\"\" data-start=\"1211\" data-end=\"1232\">Aplica\u00e7\u00e3o: Traseira<\/p>\n<\/li>\n<li class=\"\" data-start=\"1233\" data-end=\"1257\">\n<p class=\"\" data-start=\"1235\" data-end=\"1257\">Tipo: Remanufaturada<\/p>\n<\/li>\n<li class=\"\" data-start=\"1258\" data-end=\"1289\">\n<p class=\"\" data-start=\"1260\" data-end=\"1289\">Altura: Original de f\u00e1brica<\/p>\n<\/li>\n<li class=\"\" data-start=\"1290\" data-end=\"1313\">\n<p class=\"\" data-start=\"1292\" data-end=\"1313\">Garantia: <strong data-start=\"1302\" data-end=\"1311\">1 ano<\/strong><\/p>\n<\/li>\n<li class=\"\" data-start=\"1314\" data-end=\"1341\">\n<p class=\"\" data-start=\"1316\" data-end=\"1341\">Unidade de venda: <strong data-start=\"1334\" data-end=\"1341\">Par<\/strong><\/p>\n<\/li>\n<\/ul>\n","protected":false},"excerpt":{"rendered":"<p>Par de molas traseiras remanufaturadas para Ford EcoSport de 2003 a 2012. Altura original preservada, garantia de 1 ano e venda exclusiva em pares.<\/p>\n","protected":false},"featured_media":2089,"template":"","meta":{"_et_pb_use_builder":"","_et_pb_old_content":"","_et_gb_content_width":""},"product_brand":[],"product_cat":[15,85],"product_tag":[],"class_list":{"0":"post-2088","1":"product","2":"type-product","3":"status-publish","4":"has-post-thumbnail","6":"product_cat-molas","7":"product_cat-remanufaturadas","9":"first","10":"instock","11":"sale","12":"shipping-taxable","13":"purchasable","14":"product-type-simple"},"_links":{"self":[{"href":"https:\/\/jramortecedores.com.br\/produtos\/wp-json\/wp\/v2\/product\/2088","targetHints":{"allow":["GET"]}}],"collection":[{"href":"https:\/\/jramortecedores.com.br\/produtos\/wp-json\/wp\/v2\/product"}],"about":[{"href":"https:\/\/jramortecedores.com.br\/produtos\/wp-json\/wp\/v2\/types\/product"}],"wp:featuredmedia":[{"embeddable":true,"href":"https:\/\/jramortecedores.com.br\/produtos\/wp-json\/wp\/v2\/media\/2089"}],"wp:attachment":[{"href":"https:\/\/jramortecedores.com.br\/produtos\/wp-json\/wp\/v2\/media?parent=2088"}],"wp:term":[{"taxonomy":"product_brand","embeddable":true,"href":"https:\/\/jramortecedores.com.br\/produtos\/wp-json\/wp\/v2\/product_brand?post=2088"},{"taxonomy":"product_cat","embeddable":true,"href":"https:\/\/jramortecedores.com.br\/produtos\/wp-json\/wp\/v2\/product_cat?post=2088"},{"taxonomy":"product_tag","embeddable":true,"href":"https:\/\/jramortecedores.com.br\/produtos\/wp-json\/wp\/v2\/product_tag?post=2088"}],"curies":[{"name":"wp","href":"https:\/\/api.w.org\/{rel}","templated":true}]}}