{"id":2141,"date":"2025-04-28T19:33:51","date_gmt":"2025-04-28T22:33:51","guid":{"rendered":"https:\/\/jramortecedores.com.br\/produtos\/?post_type=product&#038;p=2141"},"modified":"2025-04-28T19:34:35","modified_gmt":"2025-04-28T22:34:35","slug":"par-de-molas-traseiras-remanufaturadas-chevrolet-corsa-2002-a-2012-frente-montana-prisma-2007-a-2012-agile-todos","status":"publish","type":"product","link":"https:\/\/jramortecedores.com.br\/produtos\/produto\/par-de-molas-traseiras-remanufaturadas-chevrolet-corsa-2002-a-2012-frente-montana-prisma-2007-a-2012-agile-todos\/","title":{"rendered":"Par de Molas Traseiras Remanufaturadas \u2013 Chevrolet Corsa (2002 a 2012) Frente Montana \/ Prisma (2007 a 2012) \/ Agile (todos)"},"content":{"rendered":"<p class=\"\" data-start=\"651\" data-end=\"926\">Este <strong data-start=\"656\" data-end=\"698\">par de molas traseiras remanufaturadas<\/strong> \u00e9 ideal para restaurar a suspens\u00e3o traseira do <strong data-start=\"746\" data-end=\"765\">Chevrolet Corsa<\/strong> nas vers\u00f5es <strong data-start=\"778\" data-end=\"785\">Joy<\/strong>, <strong data-start=\"787\" data-end=\"795\">Maxx<\/strong> e <strong data-start=\"798\" data-end=\"809\">Premium<\/strong> (de <strong data-start=\"814\" data-end=\"829\">2002 a 2012<\/strong>) <strong data-start=\"831\" data-end=\"853\">com frente Montana<\/strong>, al\u00e9m do <strong data-start=\"863\" data-end=\"873\">Prisma<\/strong> (de <strong data-start=\"878\" data-end=\"893\">2007 a 2012<\/strong>) e do <strong data-start=\"900\" data-end=\"909\">Agile<\/strong> (todos os anos).<\/p>\n<p class=\"\" data-start=\"928\" data-end=\"1169\">As molas s\u00e3o remanufaturadas em processos de alta qualidade, incluindo inspe\u00e7\u00e3o estrutural, retrabalho t\u00e9rmico, tratamento anticorrosivo e testes de resist\u00eancia, garantindo que mantenham a <strong data-start=\"1117\" data-end=\"1147\">altura original de f\u00e1brica<\/strong> e o desempenho ideal.<\/p>\n<p class=\"\" data-start=\"1171\" data-end=\"1355\">A venda \u00e9 feita <strong data-start=\"1187\" data-end=\"1214\">exclusivamente em pares<\/strong>, garantindo o correto funcionamento e a estabilidade da suspens\u00e3o traseira. Produto com <strong data-start=\"1303\" data-end=\"1354\">garantia de 1 ano contra defeitos de fabrica\u00e7\u00e3o<\/strong>.<\/p>\n<ul data-start=\"1357\" data-end=\"1662\">\n<li class=\"\" data-start=\"1357\" data-end=\"1529\">\n<p class=\"\" data-start=\"1359\" data-end=\"1529\">Compat\u00edvel com:<br data-start=\"1374\" data-end=\"1377\" \/>\u25b8 Chevrolet Corsa Joy \/ Maxx \/ Premium (2002 a 2012) \u2013 <strong data-start=\"1434\" data-end=\"1452\">frente Montana<\/strong><br data-start=\"1452\" data-end=\"1455\" \/>\u25b8 Chevrolet Prisma (2007 a 2012)<br data-start=\"1489\" data-end=\"1492\" \/>\u25b8 Chevrolet Agile (todos os anos)<\/p>\n<\/li>\n<li class=\"\" data-start=\"1530\" data-end=\"1553\">\n<p class=\"\" data-start=\"1532\" data-end=\"1553\">Aplica\u00e7\u00e3o: Traseira<\/p>\n<\/li>\n<li class=\"\" data-start=\"1554\" data-end=\"1578\">\n<p class=\"\" data-start=\"1556\" data-end=\"1578\">Tipo: Remanufaturada<\/p>\n<\/li>\n<li class=\"\" data-start=\"1579\" data-end=\"1610\">\n<p class=\"\" data-start=\"1581\" data-end=\"1610\">Altura: Original de f\u00e1brica<\/p>\n<\/li>\n<li class=\"\" data-start=\"1611\" data-end=\"1634\">\n<p class=\"\" data-start=\"1613\" data-end=\"1634\">Garantia: <strong data-start=\"1623\" data-end=\"1632\">1 ano<\/strong><\/p>\n<\/li>\n<li class=\"\" data-start=\"1635\" data-end=\"1662\">\n<p class=\"\" data-start=\"1637\" data-end=\"1662\">Unidade de venda: <strong data-start=\"1655\" data-end=\"1662\">Par<\/strong><\/p>\n<\/li>\n<\/ul>\n","protected":false},"excerpt":{"rendered":"<p>Par de molas traseiras remanufaturadas para Chevrolet Corsa Joy, Maxx, Premium (2002 a 2012) modelo frente Montana, Prisma (2007 a 2012) e Agile (todos). Venda somente em pares com 1 ano de garantia.<br \/>\nMolas na altura original.<\/p>\n","protected":false},"featured_media":2142,"template":"","meta":{"_et_pb_use_builder":"","_et_pb_old_content":"","_et_gb_content_width":""},"product_brand":[],"product_cat":[15,85],"product_tag":[],"class_list":{"0":"post-2141","1":"product","2":"type-product","3":"status-publish","4":"has-post-thumbnail","6":"product_cat-molas","7":"product_cat-remanufaturadas","9":"first","10":"instock","11":"sale","12":"shipping-taxable","13":"purchasable","14":"product-type-simple"},"_links":{"self":[{"href":"https:\/\/jramortecedores.com.br\/produtos\/wp-json\/wp\/v2\/product\/2141","targetHints":{"allow":["GET"]}}],"collection":[{"href":"https:\/\/jramortecedores.com.br\/produtos\/wp-json\/wp\/v2\/product"}],"about":[{"href":"https:\/\/jramortecedores.com.br\/produtos\/wp-json\/wp\/v2\/types\/product"}],"wp:featuredmedia":[{"embeddable":true,"href":"https:\/\/jramortecedores.com.br\/produtos\/wp-json\/wp\/v2\/media\/2142"}],"wp:attachment":[{"href":"https:\/\/jramortecedores.com.br\/produtos\/wp-json\/wp\/v2\/media?parent=2141"}],"wp:term":[{"taxonomy":"product_brand","embeddable":true,"href":"https:\/\/jramortecedores.com.br\/produtos\/wp-json\/wp\/v2\/product_brand?post=2141"},{"taxonomy":"product_cat","embeddable":true,"href":"https:\/\/jramortecedores.com.br\/produtos\/wp-json\/wp\/v2\/product_cat?post=2141"},{"taxonomy":"product_tag","embeddable":true,"href":"https:\/\/jramortecedores.com.br\/produtos\/wp-json\/wp\/v2\/product_tag?post=2141"}],"curies":[{"name":"wp","href":"https:\/\/api.w.org\/{rel}","templated":true}]}}