{"id":2149,"date":"2025-04-30T19:49:50","date_gmt":"2025-04-30T22:49:50","guid":{"rendered":"https:\/\/jramortecedores.com.br\/produtos\/?post_type=product&#038;p=2149"},"modified":"2025-04-30T20:02:57","modified_gmt":"2025-04-30T23:02:57","slug":"bucha-do-amortecedor-dianteiro-traseiro-12-mm-com-tubo-aplicacao-vw-fusca","status":"publish","type":"product","link":"https:\/\/jramortecedores.com.br\/produtos\/produto\/bucha-do-amortecedor-dianteiro-traseiro-12-mm-com-tubo-aplicacao-vw-fusca\/","title":{"rendered":"Bucha do Amortecedor Dianteiro\/Traseiro 12 mm com Tubo \u2013 Aplica\u00e7\u00e3o VW Fusca"},"content":{"rendered":"<p class=\"\" data-start=\"440\" data-end=\"630\">Esta <strong data-start=\"445\" data-end=\"487\">bucha do amortecedor de 12 mm com tubo<\/strong> \u00e9 indicada para a suspens\u00e3o dianteira ou traseira do <strong data-start=\"541\" data-end=\"561\">Volkswagen Fusca<\/strong>, oferecendo amortecimento eficiente e redu\u00e7\u00e3o de ru\u00eddos e vibra\u00e7\u00f5es.<\/p>\n<p class=\"\" data-start=\"632\" data-end=\"931\">Fabricada com borracha de alta resist\u00eancia e tubo met\u00e1lico interno, ela garante <strong data-start=\"712\" data-end=\"730\">encaixe seguro<\/strong>, resist\u00eancia ao desgaste e maior durabilidade. Ideal para manuten\u00e7\u00e3o preventiva ou corretiva, contribuindo para o bom funcionamento da suspens\u00e3o do Fusca, mantendo o conforto e a seguran\u00e7a na dire\u00e7\u00e3o.<\/p>\n<p class=\"\" data-start=\"933\" data-end=\"1045\">A <strong data-start=\"935\" data-end=\"964\">venda \u00e9 feita por unidade<\/strong>, permitindo substituir somente o que for necess\u00e1rio, com economia e praticidade.<\/p>\n<ul data-start=\"1047\" data-end=\"1317\">\n<li class=\"\" data-start=\"1047\" data-end=\"1103\">\n<p class=\"\" data-start=\"1049\" data-end=\"1103\">Aplica\u00e7\u00e3o:<br data-start=\"1059\" data-end=\"1062\" \/>\u25b8 <strong data-start=\"1066\" data-end=\"1101\">VW Fusca \u2013 dianteira e traseira<\/strong><\/p>\n<\/li>\n<li class=\"\" data-start=\"1104\" data-end=\"1135\">\n<p class=\"\" data-start=\"1106\" data-end=\"1135\">Di\u00e2metro interno: <strong data-start=\"1124\" data-end=\"1133\">12 mm<\/strong><\/p>\n<\/li>\n<li class=\"\" data-start=\"1136\" data-end=\"1176\">\n<p class=\"\" data-start=\"1138\" data-end=\"1176\">Acompanha: <strong data-start=\"1149\" data-end=\"1174\">Tubo met\u00e1lico interno<\/strong><\/p>\n<\/li>\n<li class=\"\" data-start=\"1177\" data-end=\"1207\">\n<p class=\"\" data-start=\"1179\" data-end=\"1207\">Tipo: Bucha de amortecedor<\/p>\n<\/li>\n<li class=\"\" data-start=\"1208\" data-end=\"1262\">\n<p class=\"\" data-start=\"1210\" data-end=\"1262\">Unidade de venda: <strong data-start=\"1228\" data-end=\"1260\">1 pe\u00e7a (vendida por unidade)<\/strong><\/p>\n<\/li>\n<li class=\"\" data-start=\"1263\" data-end=\"1317\">\n<p class=\"\" data-start=\"1265\" data-end=\"1317\">Material: Borracha refor\u00e7ada + tubo interno met\u00e1lico<\/p>\n<\/li>\n<\/ul>\n","protected":false},"excerpt":{"rendered":"<p>Bucha do amortecedor com tubo interno, para uso dianteiro ou traseiro no <strong data-start=\"359\" data-end=\"371\">VW Fusca<\/strong>. Medida de 12 mm. Vendida por unidade.<\/p>\n","protected":false},"featured_media":2150,"template":"","meta":{"_et_pb_use_builder":"","_et_pb_old_content":"","_et_gb_content_width":""},"product_brand":[],"product_cat":[86],"product_tag":[],"class_list":{"0":"post-2149","1":"product","2":"type-product","3":"status-publish","4":"has-post-thumbnail","6":"product_cat-buchas","8":"first","9":"instock","10":"shipping-taxable","11":"purchasable","12":"product-type-simple"},"_links":{"self":[{"href":"https:\/\/jramortecedores.com.br\/produtos\/wp-json\/wp\/v2\/product\/2149","targetHints":{"allow":["GET"]}}],"collection":[{"href":"https:\/\/jramortecedores.com.br\/produtos\/wp-json\/wp\/v2\/product"}],"about":[{"href":"https:\/\/jramortecedores.com.br\/produtos\/wp-json\/wp\/v2\/types\/product"}],"wp:featuredmedia":[{"embeddable":true,"href":"https:\/\/jramortecedores.com.br\/produtos\/wp-json\/wp\/v2\/media\/2150"}],"wp:attachment":[{"href":"https:\/\/jramortecedores.com.br\/produtos\/wp-json\/wp\/v2\/media?parent=2149"}],"wp:term":[{"taxonomy":"product_brand","embeddable":true,"href":"https:\/\/jramortecedores.com.br\/produtos\/wp-json\/wp\/v2\/product_brand?post=2149"},{"taxonomy":"product_cat","embeddable":true,"href":"https:\/\/jramortecedores.com.br\/produtos\/wp-json\/wp\/v2\/product_cat?post=2149"},{"taxonomy":"product_tag","embeddable":true,"href":"https:\/\/jramortecedores.com.br\/produtos\/wp-json\/wp\/v2\/product_tag?post=2149"}],"curies":[{"name":"wp","href":"https:\/\/api.w.org\/{rel}","templated":true}]}}