{"id":2154,"date":"2025-04-30T20:01:40","date_gmt":"2025-04-30T23:01:40","guid":{"rendered":"https:\/\/jramortecedores.com.br\/produtos\/?post_type=product&#038;p=2154"},"modified":"2025-04-30T20:01:40","modified_gmt":"2025-04-30T23:01:40","slug":"par-de-molas-traseiras-remanufaturadas-ford-ka-1998-a-2012","status":"publish","type":"product","link":"https:\/\/jramortecedores.com.br\/produtos\/produto\/par-de-molas-traseiras-remanufaturadas-ford-ka-1998-a-2012\/","title":{"rendered":"Par de Molas Traseiras Remanufaturadas \u2013 Ford Ka (1998 a 2012)"},"content":{"rendered":"<p class=\"\" data-start=\"391\" data-end=\"572\">Este <strong data-start=\"396\" data-end=\"438\">par de molas traseiras remanufaturadas<\/strong> \u00e9 ideal para restaurar o desempenho da suspens\u00e3o traseira do <strong data-start=\"500\" data-end=\"511\">Ford Ka<\/strong>, com aplica\u00e7\u00e3o para modelos fabricados de <strong data-start=\"554\" data-end=\"571\">1998 at\u00e9 2012<\/strong>.<\/p>\n<p class=\"\" data-start=\"574\" data-end=\"836\">As molas passam por um processo t\u00e9cnico de remanufatura, que inclui an\u00e1lise estrutural, tratamento t\u00e9rmico, inspe\u00e7\u00e3o de resist\u00eancia e aplica\u00e7\u00e3o de pintura protetiva. Esse processo garante <strong data-start=\"762\" data-end=\"792\">altura original de f\u00e1brica<\/strong>, estabilidade e durabilidade no uso di\u00e1rio.<\/p>\n<p class=\"\" data-start=\"838\" data-end=\"1016\">A venda \u00e9 feita <strong data-start=\"854\" data-end=\"881\">exclusivamente em pares<\/strong>, assegurando o equil\u00edbrio da suspens\u00e3o e a dirigibilidade do ve\u00edculo. Produto com <strong data-start=\"964\" data-end=\"1015\">garantia de 1 ano contra defeitos de fabrica\u00e7\u00e3o<\/strong>.<\/p>\n<ul data-start=\"1018\" data-end=\"1191\">\n<li class=\"\" data-start=\"1018\" data-end=\"1069\">\n<p class=\"\" data-start=\"1020\" data-end=\"1069\">Compat\u00edvel com:<br data-start=\"1035\" data-end=\"1038\" \/>\u25b8 <strong data-start=\"1042\" data-end=\"1067\">Ford Ka (1998 a 2012)<\/strong><\/p>\n<\/li>\n<li class=\"\" data-start=\"1070\" data-end=\"1093\">\n<p class=\"\" data-start=\"1072\" data-end=\"1093\">Aplica\u00e7\u00e3o: Traseira<\/p>\n<\/li>\n<li class=\"\" data-start=\"1094\" data-end=\"1118\">\n<p class=\"\" data-start=\"1096\" data-end=\"1118\">Tipo: Remanufaturada<\/p>\n<\/li>\n<li class=\"\" data-start=\"1119\" data-end=\"1139\">\n<p class=\"\" data-start=\"1121\" data-end=\"1139\">Altura: Original<\/p>\n<\/li>\n<li class=\"\" data-start=\"1140\" data-end=\"1163\">\n<p class=\"\" data-start=\"1142\" data-end=\"1163\">Garantia: <strong data-start=\"1152\" data-end=\"1161\">1 ano<\/strong><\/p>\n<\/li>\n<li class=\"\" data-start=\"1164\" data-end=\"1191\">\n<p class=\"\" data-start=\"1166\" data-end=\"1191\">Unidade de venda: <strong data-start=\"1184\" data-end=\"1191\">Par<\/strong><\/p>\n<\/li>\n<\/ul>\n","protected":false},"excerpt":{"rendered":"<p>Par de molas traseiras remanufaturadas para Ford Ka de 1998 a 2012. Altura original e garantia de 1 ano. Venda somente em pares.<\/p>\n","protected":false},"featured_media":2156,"template":"","meta":{"_et_pb_use_builder":"","_et_pb_old_content":"","_et_gb_content_width":""},"product_brand":[],"product_cat":[15,85],"product_tag":[],"class_list":{"0":"post-2154","1":"product","2":"type-product","3":"status-publish","4":"has-post-thumbnail","6":"product_cat-molas","7":"product_cat-remanufaturadas","9":"first","10":"instock","11":"sale","12":"shipping-taxable","13":"purchasable","14":"product-type-simple"},"_links":{"self":[{"href":"https:\/\/jramortecedores.com.br\/produtos\/wp-json\/wp\/v2\/product\/2154","targetHints":{"allow":["GET"]}}],"collection":[{"href":"https:\/\/jramortecedores.com.br\/produtos\/wp-json\/wp\/v2\/product"}],"about":[{"href":"https:\/\/jramortecedores.com.br\/produtos\/wp-json\/wp\/v2\/types\/product"}],"wp:featuredmedia":[{"embeddable":true,"href":"https:\/\/jramortecedores.com.br\/produtos\/wp-json\/wp\/v2\/media\/2156"}],"wp:attachment":[{"href":"https:\/\/jramortecedores.com.br\/produtos\/wp-json\/wp\/v2\/media?parent=2154"}],"wp:term":[{"taxonomy":"product_brand","embeddable":true,"href":"https:\/\/jramortecedores.com.br\/produtos\/wp-json\/wp\/v2\/product_brand?post=2154"},{"taxonomy":"product_cat","embeddable":true,"href":"https:\/\/jramortecedores.com.br\/produtos\/wp-json\/wp\/v2\/product_cat?post=2154"},{"taxonomy":"product_tag","embeddable":true,"href":"https:\/\/jramortecedores.com.br\/produtos\/wp-json\/wp\/v2\/product_tag?post=2154"}],"curies":[{"name":"wp","href":"https:\/\/api.w.org\/{rel}","templated":true}]}}