{"id":2168,"date":"2025-05-26T19:41:51","date_gmt":"2025-05-26T22:41:51","guid":{"rendered":"https:\/\/jramortecedores.com.br\/produtos\/?post_type=product&#038;p=2168"},"modified":"2025-05-26T19:41:52","modified_gmt":"2025-05-26T22:41:52","slug":"par-de-amortecedores-traseiros-remanufaturados-mitsubishi-pajero-tr4-2003-em-diante","status":"publish","type":"product","link":"https:\/\/jramortecedores.com.br\/produtos\/produto\/par-de-amortecedores-traseiros-remanufaturados-mitsubishi-pajero-tr4-2003-em-diante\/","title":{"rendered":"Par de Amortecedores Traseiros Remanufaturados \u2013 Mitsubishi Pajero TR4 (2003 em diante)"},"content":{"rendered":"<p data-start=\"528\" data-end=\"723\"><strong data-start=\"533\" data-end=\"583\">Par de amortecedores traseiros remanufaturados<\/strong> \u00e9 ideal para restaurar a efici\u00eancia da suspens\u00e3o do <strong data-start=\"636\" data-end=\"661\">Mitsubishi Pajero TR4<\/strong>, com aplica\u00e7\u00e3o para modelos fabricados de <strong data-start=\"704\" data-end=\"722\">2003 em diante<\/strong>.<\/p>\n<p data-start=\"725\" data-end=\"1023\">Os amortecedores passam por um processo completo de remanufatura, que inclui desmontagem, substitui\u00e7\u00e3o de componentes internos, testes hidr\u00e1ulicos e aplica\u00e7\u00e3o de pintura protetiva. O resultado \u00e9 um produto de <strong data-start=\"934\" data-end=\"968\">alto desempenho e durabilidade<\/strong>, com funcionamento equivalente ao original de f\u00e1brica.<\/p>\n<p data-start=\"1025\" data-end=\"1201\">A venda \u00e9 realizada <strong data-start=\"1045\" data-end=\"1072\">exclusivamente em pares<\/strong>, garantindo o equil\u00edbrio e a seguran\u00e7a da suspens\u00e3o traseira. Produto com <strong data-start=\"1147\" data-end=\"1200\">garantia de 6 meses contra defeitos de fabrica\u00e7\u00e3o<\/strong>.<\/p>\n<p data-start=\"1203\" data-end=\"1222\">\ud83d\udd27 <strong data-start=\"1206\" data-end=\"1220\">Aplica\u00e7\u00e3o:<\/strong><\/p>\n<ul data-start=\"1223\" data-end=\"1263\">\n<li data-start=\"1223\" data-end=\"1263\">\n<p data-start=\"1225\" data-end=\"1263\">Mitsubishi Pajero TR4 (2003 em diante)<\/p>\n<\/li>\n<\/ul>\n<p data-start=\"1265\" data-end=\"1297\">\ud83d\udccc <strong data-start=\"1268\" data-end=\"1295\">Informa\u00e7\u00f5es adicionais:<\/strong><\/p>\n<ul data-start=\"1298\" data-end=\"1418\">\n<li data-start=\"1298\" data-end=\"1335\">\n<p data-start=\"1300\" data-end=\"1335\">Local de instala\u00e7\u00e3o: <strong data-start=\"1321\" data-end=\"1333\">Traseira<\/strong><\/p>\n<\/li>\n<li data-start=\"1336\" data-end=\"1364\">\n<p data-start=\"1338\" data-end=\"1364\">Tipo: <strong data-start=\"1344\" data-end=\"1362\">Remanufaturado<\/strong><\/p>\n<\/li>\n<li data-start=\"1365\" data-end=\"1390\">\n<p data-start=\"1367\" data-end=\"1390\">Garantia: <strong data-start=\"1377\" data-end=\"1388\">6 meses<\/strong><\/p>\n<\/li>\n<li data-start=\"1391\" data-end=\"1418\">\n<p data-start=\"1393\" data-end=\"1418\">Unidade de venda: <strong data-start=\"1411\" data-end=\"1418\">Par<\/strong><\/p>\n<\/li>\n<\/ul>\n<h4 data-start=\"1420\" data-end=\"1449\"><\/h4>\n<h4 data-start=\"1450\" data-end=\"1491\">\ud83d\udd16 C\u00f3digo do produto: Mi35141<\/h4>\n<p data-start=\"1493\" data-end=\"1537\">\ud83d\udcf2 Atendimento via WhatsApp: (19) 99660-0072<\/p>\n","protected":false},"excerpt":{"rendered":"<p>Par de amortecedores traseiros remanufaturados para <strong data-start=\"384\" data-end=\"409\">Mitsubishi Pajero TR4<\/strong>, modelos de <strong data-start=\"422\" data-end=\"440\">2003 em diante<\/strong>. Produto com garantia de 6 meses. Venda somente em pares.<\/p>\n","protected":false},"featured_media":2169,"template":"","meta":{"_et_pb_use_builder":"","_et_pb_old_content":"","_et_gb_content_width":""},"product_brand":[],"product_cat":[80,82],"product_tag":[],"class_list":{"0":"post-2168","1":"product","2":"type-product","3":"status-publish","4":"has-post-thumbnail","6":"product_cat-amortecedores","7":"product_cat-remanufaturados","9":"first","10":"instock","11":"shipping-taxable","12":"product-type-simple"},"_links":{"self":[{"href":"https:\/\/jramortecedores.com.br\/produtos\/wp-json\/wp\/v2\/product\/2168","targetHints":{"allow":["GET"]}}],"collection":[{"href":"https:\/\/jramortecedores.com.br\/produtos\/wp-json\/wp\/v2\/product"}],"about":[{"href":"https:\/\/jramortecedores.com.br\/produtos\/wp-json\/wp\/v2\/types\/product"}],"wp:featuredmedia":[{"embeddable":true,"href":"https:\/\/jramortecedores.com.br\/produtos\/wp-json\/wp\/v2\/media\/2169"}],"wp:attachment":[{"href":"https:\/\/jramortecedores.com.br\/produtos\/wp-json\/wp\/v2\/media?parent=2168"}],"wp:term":[{"taxonomy":"product_brand","embeddable":true,"href":"https:\/\/jramortecedores.com.br\/produtos\/wp-json\/wp\/v2\/product_brand?post=2168"},{"taxonomy":"product_cat","embeddable":true,"href":"https:\/\/jramortecedores.com.br\/produtos\/wp-json\/wp\/v2\/product_cat?post=2168"},{"taxonomy":"product_tag","embeddable":true,"href":"https:\/\/jramortecedores.com.br\/produtos\/wp-json\/wp\/v2\/product_tag?post=2168"}],"curies":[{"name":"wp","href":"https:\/\/api.w.org\/{rel}","templated":true}]}}