{"id":2170,"date":"2025-05-26T19:45:07","date_gmt":"2025-05-26T22:45:07","guid":{"rendered":"https:\/\/jramortecedores.com.br\/produtos\/?post_type=product&#038;p=2170"},"modified":"2025-05-26T19:45:08","modified_gmt":"2025-05-26T22:45:08","slug":"par-de-molas-dianteiras-remanufaturadas-chevrolet-monza-1982-a-1990","status":"publish","type":"product","link":"https:\/\/jramortecedores.com.br\/produtos\/produto\/par-de-molas-dianteiras-remanufaturadas-chevrolet-monza-1982-a-1990\/","title":{"rendered":"Par de Molas Dianteiras Remanufaturadas \u2013 Chevrolet Monza (1982 a 1990)"},"content":{"rendered":"<p data-start=\"493\" data-end=\"785\">Este <strong data-start=\"498\" data-end=\"541\">par de molas dianteiras remanufaturadas<\/strong> \u00e9 ideal para quem deseja restaurar a suspens\u00e3o do <strong data-start=\"592\" data-end=\"611\">Chevrolet Monza<\/strong>, garantindo conforto e estabilidade com qualidade e economia. Compat\u00edvel com modelos fabricados de <strong data-start=\"711\" data-end=\"726\">1987 a 1990<\/strong>, as molas passam por um rigoroso processo de remanufatura.<\/p>\n<p data-start=\"787\" data-end=\"1013\">O servi\u00e7o inclui inspe\u00e7\u00e3o estrutural, tratamento t\u00e9rmico, testes de resist\u00eancia e pintura anticorrosiva, assegurando que o produto mantenha a <strong data-start=\"929\" data-end=\"959\">altura original de f\u00e1brica<\/strong> e proporcione seguran\u00e7a e durabilidade no uso di\u00e1rio.<\/p>\n<p data-start=\"1015\" data-end=\"1109\">A venda \u00e9 realizada <strong data-start=\"1035\" data-end=\"1062\">exclusivamente em pares<\/strong>, garantindo o correto equil\u00edbrio da suspens\u00e3o.<\/p>\n<p data-start=\"1111\" data-end=\"1130\">\ud83d\udd27 <strong data-start=\"1114\" data-end=\"1128\">Aplica\u00e7\u00e3o:<\/strong><\/p>\n<ul data-start=\"1131\" data-end=\"1162\">\n<li data-start=\"1131\" data-end=\"1162\">\n<p data-start=\"1133\" data-end=\"1162\">Chevrolet Monza (1987 a 1990)<\/p>\n<\/li>\n<\/ul>\n<p data-start=\"1164\" data-end=\"1196\">\ud83d\udccc <strong data-start=\"1167\" data-end=\"1194\">Informa\u00e7\u00f5es adicionais:<\/strong><\/p>\n<ul data-start=\"1197\" data-end=\"1341\">\n<li data-start=\"1197\" data-end=\"1235\">\n<p data-start=\"1199\" data-end=\"1235\">Local de instala\u00e7\u00e3o: <strong data-start=\"1220\" data-end=\"1233\">Dianteira<\/strong><\/p>\n<\/li>\n<li data-start=\"1236\" data-end=\"1264\">\n<p data-start=\"1238\" data-end=\"1264\">Tipo: <strong data-start=\"1244\" data-end=\"1262\">Remanufaturada<\/strong><\/p>\n<\/li>\n<li data-start=\"1265\" data-end=\"1289\">\n<p data-start=\"1267\" data-end=\"1289\">Altura: <strong data-start=\"1275\" data-end=\"1287\">Original<\/strong><\/p>\n<\/li>\n<li data-start=\"1290\" data-end=\"1313\">\n<p data-start=\"1292\" data-end=\"1313\">Garantia: <strong data-start=\"1302\" data-end=\"1311\">1 ano<\/strong><\/p>\n<\/li>\n<li data-start=\"1314\" data-end=\"1341\">\n<p data-start=\"1316\" data-end=\"1341\">Unidade de venda: <strong data-start=\"1334\" data-end=\"1341\">Par<\/strong><\/p>\n<\/li>\n<\/ul>\n<h4 data-start=\"1343\" data-end=\"1372\">\ud83d\udcb0 Pre\u00e7o: Consulte-nos<\/h4>\n<h4 data-start=\"1373\" data-end=\"1414\">\ud83d\udd16 C\u00f3digo do produto: Sob consulta<\/h4>\n<p data-start=\"1416\" data-end=\"1460\">\ud83d\udcf2 Atendimento via WhatsApp: (19) 99660-0072<\/p>\n","protected":false},"excerpt":{"rendered":"<p>Par de molas dianteiras remanufaturadas para <strong data-start=\"343\" data-end=\"362\">Chevrolet Monza<\/strong>, modelos de <strong data-start=\"375\" data-end=\"390\">1982 a 1990<\/strong>. Produto com altura original e garantia de 1 ano. Venda somente em pares.<\/p>\n","protected":false},"featured_media":2171,"template":"","meta":{"_et_pb_use_builder":"","_et_pb_old_content":"","_et_gb_content_width":""},"product_brand":[],"product_cat":[15,85],"product_tag":[],"class_list":{"0":"post-2170","1":"product","2":"type-product","3":"status-publish","4":"has-post-thumbnail","6":"product_cat-molas","7":"product_cat-remanufaturadas","9":"first","10":"instock","11":"sale","12":"shipping-taxable","13":"purchasable","14":"product-type-simple"},"_links":{"self":[{"href":"https:\/\/jramortecedores.com.br\/produtos\/wp-json\/wp\/v2\/product\/2170","targetHints":{"allow":["GET"]}}],"collection":[{"href":"https:\/\/jramortecedores.com.br\/produtos\/wp-json\/wp\/v2\/product"}],"about":[{"href":"https:\/\/jramortecedores.com.br\/produtos\/wp-json\/wp\/v2\/types\/product"}],"wp:featuredmedia":[{"embeddable":true,"href":"https:\/\/jramortecedores.com.br\/produtos\/wp-json\/wp\/v2\/media\/2171"}],"wp:attachment":[{"href":"https:\/\/jramortecedores.com.br\/produtos\/wp-json\/wp\/v2\/media?parent=2170"}],"wp:term":[{"taxonomy":"product_brand","embeddable":true,"href":"https:\/\/jramortecedores.com.br\/produtos\/wp-json\/wp\/v2\/product_brand?post=2170"},{"taxonomy":"product_cat","embeddable":true,"href":"https:\/\/jramortecedores.com.br\/produtos\/wp-json\/wp\/v2\/product_cat?post=2170"},{"taxonomy":"product_tag","embeddable":true,"href":"https:\/\/jramortecedores.com.br\/produtos\/wp-json\/wp\/v2\/product_tag?post=2170"}],"curies":[{"name":"wp","href":"https:\/\/api.w.org\/{rel}","templated":true}]}}