{"id":2172,"date":"2025-05-26T19:47:53","date_gmt":"2025-05-26T22:47:53","guid":{"rendered":"https:\/\/jramortecedores.com.br\/produtos\/?post_type=product&#038;p=2172"},"modified":"2025-05-26T19:47:53","modified_gmt":"2025-05-26T22:47:53","slug":"par-de-molas-traseiras-remanufaturadas-corsa-sedan-2002-em-diante-prisma-ate-2012-e-agile-todos","status":"publish","type":"product","link":"https:\/\/jramortecedores.com.br\/produtos\/produto\/par-de-molas-traseiras-remanufaturadas-corsa-sedan-2002-em-diante-prisma-ate-2012-e-agile-todos\/","title":{"rendered":"Par de Molas Traseiras Remanufaturadas \u2013 Corsa Sedan (2002 em diante), Prisma (at\u00e9 2012) e Agile (todos)"},"content":{"rendered":"<p data-start=\"585\" data-end=\"884\">Este <strong data-start=\"590\" data-end=\"632\">par de molas traseiras remanufaturadas<\/strong> foi desenvolvido para restaurar a efici\u00eancia e a seguran\u00e7a da suspens\u00e3o traseira de ve\u00edculos Chevrolet. Compat\u00edvel com o <strong data-start=\"754\" data-end=\"794\">Corsa Sedan moderno (2002 em diante)<\/strong>, <strong data-start=\"796\" data-end=\"817\">Prisma (at\u00e9 2012)<\/strong> e <strong data-start=\"820\" data-end=\"829\">Agile<\/strong>, oferece desempenho semelhante ao original de f\u00e1brica.<\/p>\n<p data-start=\"886\" data-end=\"1187\">As molas passam por um rigoroso processo de remanufatura, que inclui inspe\u00e7\u00e3o estrutural, tratamento t\u00e9rmico, testes de carga e aplica\u00e7\u00e3o de pintura anticorrosiva, assegurando resist\u00eancia e durabilidade. Mant\u00eam a <strong data-start=\"1099\" data-end=\"1118\">altura original<\/strong>, ideal para quem deseja manter a configura\u00e7\u00e3o de f\u00e1brica do ve\u00edculo.<\/p>\n<p data-start=\"1189\" data-end=\"1289\">A venda \u00e9 realizada <strong data-start=\"1209\" data-end=\"1236\">exclusivamente em pares<\/strong>, garantindo o equil\u00edbrio e a seguran\u00e7a da suspens\u00e3o.<\/p>\n<p data-start=\"1291\" data-end=\"1310\">\ud83d\udd27 <strong data-start=\"1294\" data-end=\"1308\">Aplica\u00e7\u00e3o:<\/strong><\/p>\n<ul data-start=\"1311\" data-end=\"1419\">\n<li data-start=\"1311\" data-end=\"1353\">\n<p data-start=\"1313\" data-end=\"1353\">Chevrolet Corsa Sedan (2002 em diante)<\/p>\n<\/li>\n<li data-start=\"1354\" data-end=\"1385\">\n<p data-start=\"1356\" data-end=\"1385\">Chevrolet Prisma (at\u00e9 2012)<\/p>\n<\/li>\n<li data-start=\"1386\" data-end=\"1419\">\n<p data-start=\"1388\" data-end=\"1419\">Chevrolet Agile (todos os anos)<\/p>\n<\/li>\n<\/ul>\n<p data-start=\"1421\" data-end=\"1453\">\ud83d\udccc <strong data-start=\"1424\" data-end=\"1451\">Informa\u00e7\u00f5es adicionais:<\/strong><\/p>\n<ul data-start=\"1454\" data-end=\"1597\">\n<li data-start=\"1454\" data-end=\"1491\">\n<p data-start=\"1456\" data-end=\"1491\">Local de instala\u00e7\u00e3o: <strong data-start=\"1477\" data-end=\"1489\">Traseira<\/strong><\/p>\n<\/li>\n<li data-start=\"1492\" data-end=\"1520\">\n<p data-start=\"1494\" data-end=\"1520\">Tipo: <strong data-start=\"1500\" data-end=\"1518\">Remanufaturada<\/strong><\/p>\n<\/li>\n<li data-start=\"1521\" data-end=\"1545\">\n<p data-start=\"1523\" data-end=\"1545\">Altura: <strong data-start=\"1531\" data-end=\"1543\">Original<\/strong><\/p>\n<\/li>\n<li data-start=\"1546\" data-end=\"1569\">\n<p data-start=\"1548\" data-end=\"1569\">Garantia: <strong data-start=\"1558\" data-end=\"1567\">1 ano<\/strong><\/p>\n<\/li>\n<li data-start=\"1570\" data-end=\"1597\">\n<p data-start=\"1572\" data-end=\"1597\">Unidade de venda: <strong data-start=\"1590\" data-end=\"1597\">Par<\/strong><\/p>\n<\/li>\n<\/ul>\n<h4 data-start=\"1599\" data-end=\"1628\"><\/h4>\n<h4 data-start=\"1629\" data-end=\"1670\">\ud83d\udd16 C\u00f3digo do produto: ML622<\/h4>\n<p data-start=\"1672\" data-end=\"1716\">\ud83d\udcf2 Atendimento via WhatsApp: (19) 99660-0072<\/p>\n","protected":false},"excerpt":{"rendered":"<p>Par de molas traseiras remanufaturadas, compat\u00edveis com <strong data-start=\"392\" data-end=\"432\">Corsa Sedan moderno (2002 em diante)<\/strong>, <strong data-start=\"434\" data-end=\"455\">Prisma (at\u00e9 2012)<\/strong> e <strong data-start=\"458\" data-end=\"493\">Chevrolet Agile (todos os anos)<\/strong>. Altura original e garantia de 1 ano. Venda somente em pares.<\/p>\n","protected":false},"featured_media":2173,"template":"","meta":{"_et_pb_use_builder":"","_et_pb_old_content":"","_et_gb_content_width":""},"product_brand":[],"product_cat":[15,85],"product_tag":[],"class_list":{"0":"post-2172","1":"product","2":"type-product","3":"status-publish","4":"has-post-thumbnail","6":"product_cat-molas","7":"product_cat-remanufaturadas","9":"first","10":"instock","11":"sale","12":"shipping-taxable","13":"purchasable","14":"product-type-simple"},"_links":{"self":[{"href":"https:\/\/jramortecedores.com.br\/produtos\/wp-json\/wp\/v2\/product\/2172","targetHints":{"allow":["GET"]}}],"collection":[{"href":"https:\/\/jramortecedores.com.br\/produtos\/wp-json\/wp\/v2\/product"}],"about":[{"href":"https:\/\/jramortecedores.com.br\/produtos\/wp-json\/wp\/v2\/types\/product"}],"wp:featuredmedia":[{"embeddable":true,"href":"https:\/\/jramortecedores.com.br\/produtos\/wp-json\/wp\/v2\/media\/2173"}],"wp:attachment":[{"href":"https:\/\/jramortecedores.com.br\/produtos\/wp-json\/wp\/v2\/media?parent=2172"}],"wp:term":[{"taxonomy":"product_brand","embeddable":true,"href":"https:\/\/jramortecedores.com.br\/produtos\/wp-json\/wp\/v2\/product_brand?post=2172"},{"taxonomy":"product_cat","embeddable":true,"href":"https:\/\/jramortecedores.com.br\/produtos\/wp-json\/wp\/v2\/product_cat?post=2172"},{"taxonomy":"product_tag","embeddable":true,"href":"https:\/\/jramortecedores.com.br\/produtos\/wp-json\/wp\/v2\/product_tag?post=2172"}],"curies":[{"name":"wp","href":"https:\/\/api.w.org\/{rel}","templated":true}]}}