{"id":2180,"date":"2025-05-26T19:57:05","date_gmt":"2025-05-26T22:57:05","guid":{"rendered":"https:\/\/jramortecedores.com.br\/produtos\/?post_type=product&#038;p=2180"},"modified":"2025-05-26T19:57:05","modified_gmt":"2025-05-26T22:57:05","slug":"par-de-amortecedores-traseiros-remanufaturados-renault-duster-4x2-2011-a-2017","status":"publish","type":"product","link":"https:\/\/jramortecedores.com.br\/produtos\/produto\/par-de-amortecedores-traseiros-remanufaturados-renault-duster-4x2-2011-a-2017\/","title":{"rendered":"Par de Amortecedores Traseiros Remanufaturados \u2013 Renault Duster 4&#215;2 (2011 a 2017)"},"content":{"rendered":"<p data-start=\"533\" data-end=\"846\">Este <strong data-start=\"538\" data-end=\"588\">par de amortecedores traseiros remanufaturados<\/strong> \u00e9 ideal para quem busca restaurar a efici\u00eancia e o conforto da suspens\u00e3o traseira do <strong data-start=\"674\" data-end=\"692\">Renault Duster<\/strong> na vers\u00e3o <strong data-start=\"703\" data-end=\"710\">4&#215;2<\/strong>. Compat\u00edvel com ve\u00edculos fabricados entre <strong data-start=\"753\" data-end=\"768\">2011 e 2017<\/strong>, proporciona desempenho semelhante ao original com excelente custo-benef\u00edcio.<\/p>\n<p data-start=\"848\" data-end=\"1101\">Os amortecedores passam por um criterioso processo de remanufatura, que inclui desmontagem completa, substitui\u00e7\u00e3o de componentes desgastados, revis\u00e3o do sistema interno, testes de veda\u00e7\u00e3o e resist\u00eancia, al\u00e9m de pintura protetiva para maior durabilidade.<\/p>\n<p data-start=\"1103\" data-end=\"1220\">A venda \u00e9 realizada <strong data-start=\"1123\" data-end=\"1150\">exclusivamente em pares<\/strong>, garantindo o equil\u00edbrio ideal da suspens\u00e3o e a seguran\u00e7a do ve\u00edculo.<\/p>\n<p data-start=\"1222\" data-end=\"1241\">\ud83d\udd27 <strong data-start=\"1225\" data-end=\"1239\">Aplica\u00e7\u00e3o:<\/strong><\/p>\n<ul data-start=\"1242\" data-end=\"1276\">\n<li data-start=\"1242\" data-end=\"1276\">\n<p data-start=\"1244\" data-end=\"1276\">Renault Duster 4&#215;2 (2011 a 2017)<\/p>\n<\/li>\n<\/ul>\n<p data-start=\"1278\" data-end=\"1310\">\ud83d\udccc <strong data-start=\"1281\" data-end=\"1308\">Informa\u00e7\u00f5es adicionais:<\/strong><\/p>\n<ul data-start=\"1311\" data-end=\"1431\">\n<li data-start=\"1311\" data-end=\"1348\">\n<p data-start=\"1313\" data-end=\"1348\">Local de instala\u00e7\u00e3o: <strong data-start=\"1334\" data-end=\"1346\">Traseira<\/strong><\/p>\n<\/li>\n<li data-start=\"1349\" data-end=\"1377\">\n<p data-start=\"1351\" data-end=\"1377\">Tipo: <strong data-start=\"1357\" data-end=\"1375\">Remanufaturado<\/strong><\/p>\n<\/li>\n<li data-start=\"1378\" data-end=\"1403\">\n<p data-start=\"1380\" data-end=\"1403\">Garantia: <strong data-start=\"1390\" data-end=\"1401\">6 meses<\/strong><\/p>\n<\/li>\n<li data-start=\"1404\" data-end=\"1431\">\n<p data-start=\"1406\" data-end=\"1431\">Unidade de venda: <strong data-start=\"1424\" data-end=\"1431\">Par<\/strong><\/p>\n<\/li>\n<\/ul>\n<h4 data-start=\"1433\" data-end=\"1462\"><\/h4>\n<h4 data-start=\"1463\" data-end=\"1504\">\ud83d\udd16 C\u00f3digo do produto: RE4526<\/h4>\n<p data-start=\"1506\" data-end=\"1550\">\ud83d\udcf2 Atendimento via WhatsApp: (19) 99660-0072<\/p>\n","protected":false},"excerpt":{"rendered":"<p>Par de amortecedores traseiros remanufaturados, compat\u00edveis com <strong data-start=\"373\" data-end=\"395\">Renault Duster 4&#215;2<\/strong>, modelos de <strong data-start=\"408\" data-end=\"423\">2011 a 2017<\/strong>. Produto com qualidade garantida e garantia de 6 meses. Venda somente em pares.<\/p>\n","protected":false},"featured_media":2181,"template":"","meta":{"_et_pb_use_builder":"","_et_pb_old_content":"","_et_gb_content_width":""},"product_brand":[],"product_cat":[80,82],"product_tag":[],"class_list":{"0":"post-2180","1":"product","2":"type-product","3":"status-publish","4":"has-post-thumbnail","6":"product_cat-amortecedores","7":"product_cat-remanufaturados","9":"first","10":"instock","11":"sale","12":"shipping-taxable","13":"purchasable","14":"product-type-simple"},"_links":{"self":[{"href":"https:\/\/jramortecedores.com.br\/produtos\/wp-json\/wp\/v2\/product\/2180","targetHints":{"allow":["GET"]}}],"collection":[{"href":"https:\/\/jramortecedores.com.br\/produtos\/wp-json\/wp\/v2\/product"}],"about":[{"href":"https:\/\/jramortecedores.com.br\/produtos\/wp-json\/wp\/v2\/types\/product"}],"wp:featuredmedia":[{"embeddable":true,"href":"https:\/\/jramortecedores.com.br\/produtos\/wp-json\/wp\/v2\/media\/2181"}],"wp:attachment":[{"href":"https:\/\/jramortecedores.com.br\/produtos\/wp-json\/wp\/v2\/media?parent=2180"}],"wp:term":[{"taxonomy":"product_brand","embeddable":true,"href":"https:\/\/jramortecedores.com.br\/produtos\/wp-json\/wp\/v2\/product_brand?post=2180"},{"taxonomy":"product_cat","embeddable":true,"href":"https:\/\/jramortecedores.com.br\/produtos\/wp-json\/wp\/v2\/product_cat?post=2180"},{"taxonomy":"product_tag","embeddable":true,"href":"https:\/\/jramortecedores.com.br\/produtos\/wp-json\/wp\/v2\/product_tag?post=2180"}],"curies":[{"name":"wp","href":"https:\/\/api.w.org\/{rel}","templated":true}]}}