{"id":2185,"date":"2025-05-28T15:48:36","date_gmt":"2025-05-28T18:48:36","guid":{"rendered":"https:\/\/jramortecedores.com.br\/produtos\/?post_type=product&#038;p=2185"},"modified":"2025-05-28T15:48:37","modified_gmt":"2025-05-28T18:48:37","slug":"calco-inferior-da-suspensao-traseira-para-ford-ecosport-modelos-de-2003-a-2012","status":"publish","type":"product","link":"https:\/\/jramortecedores.com.br\/produtos\/produto\/calco-inferior-da-suspensao-traseira-para-ford-ecosport-modelos-de-2003-a-2012\/","title":{"rendered":"Cal\u00e7o inferior da suspens\u00e3o traseira para Ford EcoSport, modelos de 2003 a 2012"},"content":{"rendered":"<p data-start=\"386\" data-end=\"586\">O <strong data-start=\"388\" data-end=\"428\">cal\u00e7o inferior da suspens\u00e3o traseira<\/strong> \u00e9 uma pe\u00e7a fundamental para o perfeito funcionamento do sistema de suspens\u00e3o do <strong data-start=\"509\" data-end=\"526\">Ford EcoSport<\/strong>, compat\u00edvel com modelos produzidos entre <strong data-start=\"568\" data-end=\"583\">2003 e 2012<\/strong>.<\/p>\n<p data-start=\"588\" data-end=\"848\">Este componente assegura o correto posicionamento das molas traseiras, evitando desalinhamentos, vibra\u00e7\u00f5es e ru\u00eddos indesejados. Al\u00e9m disso, contribui para o conforto e a estabilidade do ve\u00edculo, prevenindo desgastes prematuros em outras partes da suspens\u00e3o.<\/p>\n<p data-start=\"850\" data-end=\"965\">Fabricado com materiais de alta resist\u00eancia, oferece durabilidade e desempenho mesmo em condi\u00e7\u00f5es severas de uso.<\/p>\n<p data-start=\"967\" data-end=\"986\">\ud83d\udd27 <strong data-start=\"970\" data-end=\"984\">Aplica\u00e7\u00e3o:<\/strong><\/p>\n<ul data-start=\"987\" data-end=\"1018\">\n<li data-start=\"987\" data-end=\"1018\">\n<p data-start=\"989\" data-end=\"1018\">Ford EcoSport (2003 a 2012)<\/p>\n<\/li>\n<\/ul>\n<p data-start=\"1020\" data-end=\"1052\">\ud83d\udccc <strong data-start=\"1023\" data-end=\"1050\">Informa\u00e7\u00f5es adicionais:<\/strong><\/p>\n<ul data-start=\"1053\" data-end=\"1180\">\n<li data-start=\"1053\" data-end=\"1100\">\n<p data-start=\"1055\" data-end=\"1100\">Local de instala\u00e7\u00e3o: <strong data-start=\"1076\" data-end=\"1098\">Suspens\u00e3o traseira<\/strong><\/p>\n<\/li>\n<li data-start=\"1101\" data-end=\"1131\">\n<p data-start=\"1103\" data-end=\"1131\">C\u00f3digo da pe\u00e7a: <strong data-start=\"1119\" data-end=\"1129\">SK3703<\/strong><\/p>\n<\/li>\n<li data-start=\"1132\" data-end=\"1180\">\n<p data-start=\"1134\" data-end=\"1180\">Fun\u00e7\u00e3o: <strong data-start=\"1142\" data-end=\"1178\">Encaixe e apoio da mola traseira<\/strong><\/p>\n<\/li>\n<\/ul>\n<h4 data-start=\"1182\" data-end=\"1211\">PRODUTO VENDIDO EM UNIDADE<\/h4>\n<p data-start=\"1212\" data-end=\"1258\">\ud83d\udcf2 Atendimento via WhatsApp: (19) 99660-0072<\/p>\n","protected":false},"excerpt":{"rendered":"<p>Cal\u00e7o inferior da suspens\u00e3o traseira para Ford EcoSport de 2003 a 2012. Garante o correto encaixe das molas, evitando desgastes e ru\u00eddos.<\/p>\n","protected":false},"featured_media":2186,"template":"","meta":{"_et_pb_use_builder":"","_et_pb_old_content":"","_et_gb_content_width":""},"product_brand":[],"product_cat":[87],"product_tag":[],"class_list":{"0":"post-2185","1":"product","2":"type-product","3":"status-publish","4":"has-post-thumbnail","6":"product_cat-kits-e-borrachas","8":"first","9":"instock","10":"shipping-taxable","11":"purchasable","12":"product-type-simple"},"_links":{"self":[{"href":"https:\/\/jramortecedores.com.br\/produtos\/wp-json\/wp\/v2\/product\/2185","targetHints":{"allow":["GET"]}}],"collection":[{"href":"https:\/\/jramortecedores.com.br\/produtos\/wp-json\/wp\/v2\/product"}],"about":[{"href":"https:\/\/jramortecedores.com.br\/produtos\/wp-json\/wp\/v2\/types\/product"}],"wp:featuredmedia":[{"embeddable":true,"href":"https:\/\/jramortecedores.com.br\/produtos\/wp-json\/wp\/v2\/media\/2186"}],"wp:attachment":[{"href":"https:\/\/jramortecedores.com.br\/produtos\/wp-json\/wp\/v2\/media?parent=2185"}],"wp:term":[{"taxonomy":"product_brand","embeddable":true,"href":"https:\/\/jramortecedores.com.br\/produtos\/wp-json\/wp\/v2\/product_brand?post=2185"},{"taxonomy":"product_cat","embeddable":true,"href":"https:\/\/jramortecedores.com.br\/produtos\/wp-json\/wp\/v2\/product_cat?post=2185"},{"taxonomy":"product_tag","embeddable":true,"href":"https:\/\/jramortecedores.com.br\/produtos\/wp-json\/wp\/v2\/product_tag?post=2185"}],"curies":[{"name":"wp","href":"https:\/\/api.w.org\/{rel}","templated":true}]}}