{"id":2187,"date":"2025-05-28T19:22:48","date_gmt":"2025-05-28T22:22:48","guid":{"rendered":"https:\/\/jramortecedores.com.br\/produtos\/?post_type=product&#038;p=2187"},"modified":"2025-05-28T19:22:48","modified_gmt":"2025-05-28T22:22:48","slug":"par-de-molas-traseiras-remanufaturadas-fiat-grand-siena-2010-em-diante","status":"publish","type":"product","link":"https:\/\/jramortecedores.com.br\/produtos\/produto\/par-de-molas-traseiras-remanufaturadas-fiat-grand-siena-2010-em-diante\/","title":{"rendered":"Par de Molas Traseiras Remanufaturadas \u2013 Fiat Grand Siena (2010 em diante)"},"content":{"rendered":"<p data-start=\"398\" data-end=\"528\">Par de <strong data-start=\"405\" data-end=\"440\">molas traseiras remanufaturadas<\/strong> para <strong data-start=\"446\" data-end=\"466\">Fiat Grand Siena<\/strong>, compat\u00edveis com ve\u00edculos fabricados de <strong data-start=\"507\" data-end=\"525\">2010 em diante<\/strong>.<\/p>\n<p data-start=\"530\" data-end=\"759\">Nossas molas passam por um rigoroso processo de remanufatura, que inclui inspe\u00e7\u00e3o estrutural, ajuste de resist\u00eancia, tratamento t\u00e9rmico e pintura anticorrosiva, garantindo seguran\u00e7a, conforto e a <strong data-start=\"726\" data-end=\"745\">altura original<\/strong> do ve\u00edculo.<\/p>\n<p data-start=\"761\" data-end=\"910\">A venda \u00e9 realizada <strong data-start=\"781\" data-end=\"806\">exclusivamente em par<\/strong>, assegurando o equil\u00edbrio correto da suspens\u00e3o traseira, al\u00e9m de maior estabilidade e dirigibilidade.<\/p>\n<p data-start=\"912\" data-end=\"1027\">Estamos localizados em <strong data-start=\"935\" data-end=\"950\">Campinas-SP<\/strong> e oferecemos atendimento especializado pelo WhatsApp: <strong data-start=\"1005\" data-end=\"1024\">(19) 99660-0072<\/strong>.<\/p>\n<p data-start=\"1029\" data-end=\"1048\">\ud83d\udd27 <strong data-start=\"1032\" data-end=\"1046\">Aplica\u00e7\u00e3o:<\/strong><\/p>\n<ul data-start=\"1049\" data-end=\"1086\">\n<li data-start=\"1049\" data-end=\"1086\">\n<p data-start=\"1051\" data-end=\"1086\">Fiat Grand Siena (2010 em diante)<\/p>\n<\/li>\n<\/ul>\n<p data-start=\"1088\" data-end=\"1120\">\ud83d\udccc <strong data-start=\"1091\" data-end=\"1118\">Informa\u00e7\u00f5es adicionais:<\/strong><\/p>\n<ul data-start=\"1121\" data-end=\"1266\">\n<li data-start=\"1121\" data-end=\"1158\">\n<p data-start=\"1123\" data-end=\"1158\">Local de instala\u00e7\u00e3o: <strong data-start=\"1144\" data-end=\"1156\">Traseira<\/strong><\/p>\n<\/li>\n<li data-start=\"1159\" data-end=\"1187\">\n<p data-start=\"1161\" data-end=\"1187\">Tipo: <strong data-start=\"1167\" data-end=\"1185\">Remanufaturada<\/strong><\/p>\n<\/li>\n<li data-start=\"1188\" data-end=\"1212\">\n<p data-start=\"1190\" data-end=\"1212\">Altura: <strong data-start=\"1198\" data-end=\"1210\">Original<\/strong><\/p>\n<\/li>\n<li data-start=\"1213\" data-end=\"1236\">\n<p data-start=\"1215\" data-end=\"1236\">Garantia: <strong data-start=\"1225\" data-end=\"1234\">1 ano<\/strong><\/p>\n<\/li>\n<li data-start=\"1237\" data-end=\"1266\">\n<p data-start=\"1239\" data-end=\"1266\">Unidade de venda: <strong data-start=\"1257\" data-end=\"1264\">Par<\/strong><\/p>\n<\/li>\n<\/ul>\n<p data-start=\"1298\" data-end=\"1335\">\n","protected":false},"excerpt":{"rendered":"<p>Par de molas traseiras remanufaturadas para Fiat Grand Siena, modelos de 2010 em diante. Produto na altura original, vendido exclusivamente em par, com garantia e qualidade.<\/p>\n","protected":false},"featured_media":2188,"template":"","meta":{"_et_pb_use_builder":"","_et_pb_old_content":"","_et_gb_content_width":""},"product_brand":[],"product_cat":[15,85],"product_tag":[],"class_list":{"0":"post-2187","1":"product","2":"type-product","3":"status-publish","4":"has-post-thumbnail","6":"product_cat-molas","7":"product_cat-remanufaturadas","9":"first","10":"instock","11":"shipping-taxable","12":"purchasable","13":"product-type-simple"},"_links":{"self":[{"href":"https:\/\/jramortecedores.com.br\/produtos\/wp-json\/wp\/v2\/product\/2187","targetHints":{"allow":["GET"]}}],"collection":[{"href":"https:\/\/jramortecedores.com.br\/produtos\/wp-json\/wp\/v2\/product"}],"about":[{"href":"https:\/\/jramortecedores.com.br\/produtos\/wp-json\/wp\/v2\/types\/product"}],"wp:featuredmedia":[{"embeddable":true,"href":"https:\/\/jramortecedores.com.br\/produtos\/wp-json\/wp\/v2\/media\/2188"}],"wp:attachment":[{"href":"https:\/\/jramortecedores.com.br\/produtos\/wp-json\/wp\/v2\/media?parent=2187"}],"wp:term":[{"taxonomy":"product_brand","embeddable":true,"href":"https:\/\/jramortecedores.com.br\/produtos\/wp-json\/wp\/v2\/product_brand?post=2187"},{"taxonomy":"product_cat","embeddable":true,"href":"https:\/\/jramortecedores.com.br\/produtos\/wp-json\/wp\/v2\/product_cat?post=2187"},{"taxonomy":"product_tag","embeddable":true,"href":"https:\/\/jramortecedores.com.br\/produtos\/wp-json\/wp\/v2\/product_tag?post=2187"}],"curies":[{"name":"wp","href":"https:\/\/api.w.org\/{rel}","templated":true}]}}