{"id":2189,"date":"2025-05-28T19:28:20","date_gmt":"2025-05-28T22:28:20","guid":{"rendered":"https:\/\/jramortecedores.com.br\/produtos\/?post_type=product&#038;p=2189"},"modified":"2025-05-28T19:28:20","modified_gmt":"2025-05-28T22:28:20","slug":"par-de-molas-dianteiras-remanufaturadas-peugeot-206-2001-a-2010-e-207-2007-a-2012","status":"publish","type":"product","link":"https:\/\/jramortecedores.com.br\/produtos\/produto\/par-de-molas-dianteiras-remanufaturadas-peugeot-206-2001-a-2010-e-207-2007-a-2012\/","title":{"rendered":"Par de Molas Dianteiras Remanufaturadas \u2013 Peugeot 206 (2001 a 2010) e 207 (2007 a 2012)"},"content":{"rendered":"<p data-start=\"391\" data-end=\"515\">Par de <strong data-start=\"398\" data-end=\"434\">molas dianteiras remanufaturadas<\/strong> para os modelos <strong data-start=\"451\" data-end=\"466\">Peugeot 206<\/strong> (2001 a 2010) e <strong data-start=\"483\" data-end=\"498\">Peugeot 207<\/strong> (2007 a 2012).<\/p>\n<p data-start=\"517\" data-end=\"750\">Nossas molas passam por um rigoroso processo de remanufatura, que inclui inspe\u00e7\u00e3o estrutural, ajuste da resist\u00eancia, tratamento t\u00e9rmico e pintura anticorrosiva, garantindo seguran\u00e7a, durabilidade e a <strong data-start=\"717\" data-end=\"736\">altura original<\/strong> do ve\u00edculo.<\/p>\n<p data-start=\"752\" data-end=\"907\">A venda \u00e9 realizada <strong data-start=\"772\" data-end=\"797\">exclusivamente em par<\/strong>, assegurando o equil\u00edbrio correto da suspens\u00e3o dianteira e proporcionando conforto e dirigibilidade ideais.<\/p>\n<p data-start=\"1025\" data-end=\"1044\">\ud83d\udd27 <strong data-start=\"1028\" data-end=\"1042\">Aplica\u00e7\u00e3o:<\/strong><\/p>\n<ul data-start=\"1045\" data-end=\"1104\">\n<li data-start=\"1045\" data-end=\"1074\">\n<p data-start=\"1047\" data-end=\"1074\">Peugeot 206 (2001 a 2010)<\/p>\n<\/li>\n<li data-start=\"1075\" data-end=\"1104\">\n<p data-start=\"1077\" data-end=\"1104\">Peugeot 207 (2007 a 2012)<\/p>\n<\/li>\n<\/ul>\n<p data-start=\"1106\" data-end=\"1138\">\ud83d\udccc <strong data-start=\"1109\" data-end=\"1136\">Informa\u00e7\u00f5es adicionais:<\/strong><\/p>\n<ul data-start=\"1139\" data-end=\"1285\">\n<li data-start=\"1139\" data-end=\"1177\">\n<p data-start=\"1141\" data-end=\"1177\">Local de instala\u00e7\u00e3o: <strong data-start=\"1162\" data-end=\"1175\">Dianteira<\/strong><\/p>\n<\/li>\n<li data-start=\"1178\" data-end=\"1206\">\n<p data-start=\"1180\" data-end=\"1206\">Tipo: <strong data-start=\"1186\" data-end=\"1204\">Remanufaturada<\/strong><\/p>\n<\/li>\n<li data-start=\"1207\" data-end=\"1231\">\n<p data-start=\"1209\" data-end=\"1231\">Altura: <strong data-start=\"1217\" data-end=\"1229\">Original<\/strong><\/p>\n<\/li>\n<li data-start=\"1232\" data-end=\"1255\">\n<p data-start=\"1234\" data-end=\"1255\">Garantia: <strong data-start=\"1244\" data-end=\"1253\">1 ano<\/strong><\/p>\n<\/li>\n<li data-start=\"1256\" data-end=\"1285\">\n<p data-start=\"1258\" data-end=\"1285\">Unidade de venda: <strong data-start=\"1276\" data-end=\"1283\">Par<\/strong><\/p>\n<\/li>\n<\/ul>\n<h4 data-start=\"1287\" data-end=\"1316\"><\/h4>\n<p data-start=\"1317\" data-end=\"1354\">\ud83d\udcf2 Atendimento: <strong data-start=\"1333\" data-end=\"1352\">(19) 99660-0072<\/strong><\/p>\n","protected":false},"excerpt":{"rendered":"<p>Par de molas dianteiras remanufaturadas para Peugeot 206 e 207, modelos de 2001 a 2012. Produto com altura original, qualidade garantida e venda exclusiva em par.<\/p>\n","protected":false},"featured_media":2190,"template":"","meta":{"_et_pb_use_builder":"","_et_pb_old_content":"","_et_gb_content_width":""},"product_brand":[],"product_cat":[15,85],"product_tag":[],"class_list":{"0":"post-2189","1":"product","2":"type-product","3":"status-publish","4":"has-post-thumbnail","6":"product_cat-molas","7":"product_cat-remanufaturadas","9":"first","10":"instock","11":"shipping-taxable","12":"purchasable","13":"product-type-simple"},"_links":{"self":[{"href":"https:\/\/jramortecedores.com.br\/produtos\/wp-json\/wp\/v2\/product\/2189","targetHints":{"allow":["GET"]}}],"collection":[{"href":"https:\/\/jramortecedores.com.br\/produtos\/wp-json\/wp\/v2\/product"}],"about":[{"href":"https:\/\/jramortecedores.com.br\/produtos\/wp-json\/wp\/v2\/types\/product"}],"wp:featuredmedia":[{"embeddable":true,"href":"https:\/\/jramortecedores.com.br\/produtos\/wp-json\/wp\/v2\/media\/2190"}],"wp:attachment":[{"href":"https:\/\/jramortecedores.com.br\/produtos\/wp-json\/wp\/v2\/media?parent=2189"}],"wp:term":[{"taxonomy":"product_brand","embeddable":true,"href":"https:\/\/jramortecedores.com.br\/produtos\/wp-json\/wp\/v2\/product_brand?post=2189"},{"taxonomy":"product_cat","embeddable":true,"href":"https:\/\/jramortecedores.com.br\/produtos\/wp-json\/wp\/v2\/product_cat?post=2189"},{"taxonomy":"product_tag","embeddable":true,"href":"https:\/\/jramortecedores.com.br\/produtos\/wp-json\/wp\/v2\/product_tag?post=2189"}],"curies":[{"name":"wp","href":"https:\/\/api.w.org\/{rel}","templated":true}]}}