{"id":2201,"date":"2025-09-10T19:49:39","date_gmt":"2025-09-10T22:49:39","guid":{"rendered":"https:\/\/jramortecedores.com.br\/produtos\/?post_type=product&#038;p=2201"},"modified":"2025-10-01T00:00:49","modified_gmt":"2025-10-01T03:00:49","slug":"jogo-para-lift-2-mitsubishi-pajero-tr4-suspensao-completa","status":"publish","type":"product","link":"https:\/\/jramortecedores.com.br\/produtos\/produto\/jogo-para-lift-2-mitsubishi-pajero-tr4-suspensao-completa\/","title":{"rendered":"Jogo para Lift 2\u201d Mitsubishi Pajero TR4 \u2013 Suspens\u00e3o Completa"},"content":{"rendered":"<p data-start=\"161\" data-end=\"346\">Transforme sua Pajero TR4 com o kit de <strong data-start=\"200\" data-end=\"229\">Lift 2 polegadas completo<\/strong>, desenvolvido para proporcionar mais altura, estabilidade e seguran\u00e7a ao seu ve\u00edculo, sem a necessidade de cal\u00e7os.<\/p>\n<p data-start=\"348\" data-end=\"374\">\u2705 <strong data-start=\"350\" data-end=\"372\">Composi\u00e7\u00e3o do kit:<\/strong><\/p>\n<ul data-start=\"375\" data-end=\"534\">\n<li data-start=\"375\" data-end=\"433\">\n<p data-start=\"377\" data-end=\"433\">04 amortecedores fabricados especialmente para Lift 2\u201d<\/p>\n<\/li>\n<li data-start=\"434\" data-end=\"467\">\n<p data-start=\"436\" data-end=\"467\">02 molas traseiras refor\u00e7adas<\/p>\n<\/li>\n<li data-start=\"468\" data-end=\"498\">\n<p data-start=\"470\" data-end=\"498\">01 barra Panhard ajust\u00e1vel<\/p>\n<\/li>\n<li data-start=\"499\" data-end=\"534\">\n<p data-start=\"501\" data-end=\"534\">02 bieletas traseiras para Lift<\/p>\n<\/li>\n<\/ul>\n<p data-start=\"536\" data-end=\"556\">\ud83d\ude99 <strong data-start=\"539\" data-end=\"554\">Benef\u00edcios:<\/strong><\/p>\n<ul data-start=\"557\" data-end=\"804\">\n<li data-start=\"557\" data-end=\"595\">\n<p data-start=\"559\" data-end=\"595\">Dispensa o uso de cal\u00e7os para lift<\/p>\n<\/li>\n<li data-start=\"596\" data-end=\"646\">\n<p data-start=\"598\" data-end=\"646\">Elimina o final de curso da suspens\u00e3o traseira<\/p>\n<\/li>\n<li data-start=\"647\" data-end=\"685\">\n<p data-start=\"649\" data-end=\"685\">Melhora a estabilidade e seguran\u00e7a<\/p>\n<\/li>\n<li data-start=\"686\" data-end=\"738\">\n<p data-start=\"688\" data-end=\"738\">Maior conforto em trilhas e estradas irregulares<\/p>\n<\/li>\n<li data-start=\"739\" data-end=\"804\">\n<p data-start=\"741\" data-end=\"804\">Produto resistente, fabricado com materiais de alta qualidade<\/p>\n<\/li>\n<\/ul>\n<p data-start=\"806\" data-end=\"913\">\ud83d\udce6 <strong data-start=\"809\" data-end=\"829\">Disponibilidade:<\/strong> Ap\u00f3s a compra, o produto estar\u00e1 dispon\u00edvel para postagem em at\u00e9 <strong data-start=\"894\" data-end=\"910\">2 dias \u00fateis<\/strong>.<\/p>\n<p data-start=\"915\" data-end=\"1052\">Ideal para quem busca melhorar o desempenho da TR4 em trilhas, estradas de terra ou simplesmente dar um visual mais robusto ao ve\u00edculo.<\/p>\n","protected":false},"excerpt":{"rendered":"<p>Kit pronto para Lift de 2 polegadas para TR4, dispensando cal\u00e7o de molas.<\/p>\n","protected":false},"featured_media":2202,"template":"","meta":{"_et_pb_use_builder":"","_et_pb_old_content":"","_et_gb_content_width":""},"product_brand":[],"product_cat":[88],"product_tag":[],"class_list":{"0":"post-2201","1":"product","2":"type-product","3":"status-publish","4":"has-post-thumbnail","6":"product_cat-suspensao-para-lift","8":"first","9":"instock","10":"shipping-taxable","11":"purchasable","12":"product-type-simple"},"_links":{"self":[{"href":"https:\/\/jramortecedores.com.br\/produtos\/wp-json\/wp\/v2\/product\/2201","targetHints":{"allow":["GET"]}}],"collection":[{"href":"https:\/\/jramortecedores.com.br\/produtos\/wp-json\/wp\/v2\/product"}],"about":[{"href":"https:\/\/jramortecedores.com.br\/produtos\/wp-json\/wp\/v2\/types\/product"}],"wp:featuredmedia":[{"embeddable":true,"href":"https:\/\/jramortecedores.com.br\/produtos\/wp-json\/wp\/v2\/media\/2202"}],"wp:attachment":[{"href":"https:\/\/jramortecedores.com.br\/produtos\/wp-json\/wp\/v2\/media?parent=2201"}],"wp:term":[{"taxonomy":"product_brand","embeddable":true,"href":"https:\/\/jramortecedores.com.br\/produtos\/wp-json\/wp\/v2\/product_brand?post=2201"},{"taxonomy":"product_cat","embeddable":true,"href":"https:\/\/jramortecedores.com.br\/produtos\/wp-json\/wp\/v2\/product_cat?post=2201"},{"taxonomy":"product_tag","embeddable":true,"href":"https:\/\/jramortecedores.com.br\/produtos\/wp-json\/wp\/v2\/product_tag?post=2201"}],"curies":[{"name":"wp","href":"https:\/\/api.w.org\/{rel}","templated":true}]}}