{"id":2221,"date":"2026-02-05T20:11:19","date_gmt":"2026-02-05T23:11:19","guid":{"rendered":"https:\/\/jramortecedores.com.br\/produtos\/?post_type=product&#038;p=2221"},"modified":"2026-02-05T20:11:20","modified_gmt":"2026-02-05T23:11:20","slug":"molas-traseiras-reforcadas-mitsubishi-pajero-io-e-tr4-todos-modelos","status":"publish","type":"product","link":"https:\/\/jramortecedores.com.br\/produtos\/produto\/molas-traseiras-reforcadas-mitsubishi-pajero-io-e-tr4-todos-modelos\/","title":{"rendered":"Molas traseiras refor\u00e7adas Mitsubishi Pajero IO e TR4 (todos modelos)"},"content":{"rendered":"<p data-start=\"145\" data-end=\"385\">As <strong data-start=\"148\" data-end=\"206\">molas traseiras refor\u00e7adas para Pajero TR4 e Pajero IO<\/strong> foram desenvolvidas especialmente para eliminar a famosa <strong data-start=\"264\" data-end=\"291\">batida seca na traseira<\/strong>, proporcionando muito mais conforto, estabilidade e seguran\u00e7a no dia a dia e no uso off-road.<\/p>\n<p data-start=\"387\" data-end=\"627\">Fabricadas com a\u00e7o de alta resist\u00eancia e tratamento t\u00e9rmico, nossas molas suportam melhor o peso do ve\u00edculo, acess\u00f3rios e carga, sem perder efici\u00eancia ou comprometer o conforto. O resultado \u00e9 uma suspens\u00e3o mais firme, progressiva e dur\u00e1vel.<\/p>\n<h4 data-start=\"629\" data-end=\"656\">Principais benef\u00edcios:<\/h4>\n<ul data-start=\"657\" data-end=\"878\">\n<li data-start=\"657\" data-end=\"694\">\n<p data-start=\"659\" data-end=\"694\">Elimina a batida seca na traseira<\/p>\n<\/li>\n<li data-start=\"695\" data-end=\"761\">\n<p data-start=\"697\" data-end=\"761\">Mais conforto ao rodar em ruas irregulares e estradas de terra<\/p>\n<\/li>\n<li data-start=\"762\" data-end=\"795\">\n<p data-start=\"764\" data-end=\"795\">Melhor estabilidade com carga<\/p>\n<\/li>\n<li data-start=\"796\" data-end=\"841\">\n<p data-start=\"798\" data-end=\"841\">Maior durabilidade que as molas originais<\/p>\n<\/li>\n<li data-start=\"842\" data-end=\"878\">\n<p data-start=\"844\" data-end=\"878\">Encaixe perfeito, sem adapta\u00e7\u00f5es<\/p>\n<\/li>\n<\/ul>\n<h4 data-start=\"880\" data-end=\"895\">Aplica\u00e7\u00e3o:<\/h4>\n<ul data-start=\"896\" data-end=\"946\">\n<li data-start=\"896\" data-end=\"921\">\n<p data-start=\"898\" data-end=\"921\">Mitsubishi Pajero TR4<\/p>\n<\/li>\n<li data-start=\"922\" data-end=\"946\">\n<p data-start=\"924\" data-end=\"946\">Mitsubishi Pajero IO<\/p>\n<\/li>\n<\/ul>\n<h4 data-start=\"948\" data-end=\"962\">Garantia:<\/h4>\n<ul data-start=\"963\" data-end=\"1017\">\n<li data-start=\"963\" data-end=\"1017\">\n<p data-start=\"965\" data-end=\"1017\"><strong data-start=\"965\" data-end=\"1017\">01 ano de garantia contra defeitos de fabrica\u00e7\u00e3o<\/strong><\/p>\n<\/li>\n<\/ul>\n<p data-start=\"1019\" data-end=\"1143\" data-is-last-node=\"\" data-is-only-node=\"\">Produto ideal para quem busca <strong data-start=\"1049\" data-end=\"1143\" data-is-last-node=\"\">conforto, robustez e solu\u00e7\u00e3o definitiva para o problema da suspens\u00e3o traseira da TR4 e IO.<\/strong><\/p>\n","protected":false},"excerpt":{"rendered":"<p>Chega de batida seca! Molas traseiras refor\u00e7adas para <strong data-start=\"395\" data-end=\"407\">TR4 e IO<\/strong>, ideais para quem busca mais conforto, resist\u00eancia e melhor desempenho da suspens\u00e3o. Produto com <strong data-start=\"505\" data-end=\"527\">garantia de 01 ano<\/strong>.<\/p>\n","protected":false},"featured_media":2222,"template":"","meta":{"_et_pb_use_builder":"","_et_pb_old_content":"","_et_gb_content_width":""},"product_brand":[],"product_cat":[15,83],"product_tag":[91,90,89],"class_list":{"0":"post-2221","1":"product","2":"type-product","3":"status-publish","4":"has-post-thumbnail","6":"product_cat-molas","7":"product_cat-novas","8":"product_tag-mola-io","9":"product_tag-mola-tr4","10":"product_tag-molas-tr4-reforcada","12":"first","13":"instock","14":"sale","15":"shipping-taxable","16":"purchasable","17":"product-type-simple"},"_links":{"self":[{"href":"https:\/\/jramortecedores.com.br\/produtos\/wp-json\/wp\/v2\/product\/2221","targetHints":{"allow":["GET"]}}],"collection":[{"href":"https:\/\/jramortecedores.com.br\/produtos\/wp-json\/wp\/v2\/product"}],"about":[{"href":"https:\/\/jramortecedores.com.br\/produtos\/wp-json\/wp\/v2\/types\/product"}],"wp:featuredmedia":[{"embeddable":true,"href":"https:\/\/jramortecedores.com.br\/produtos\/wp-json\/wp\/v2\/media\/2222"}],"wp:attachment":[{"href":"https:\/\/jramortecedores.com.br\/produtos\/wp-json\/wp\/v2\/media?parent=2221"}],"wp:term":[{"taxonomy":"product_brand","embeddable":true,"href":"https:\/\/jramortecedores.com.br\/produtos\/wp-json\/wp\/v2\/product_brand?post=2221"},{"taxonomy":"product_cat","embeddable":true,"href":"https:\/\/jramortecedores.com.br\/produtos\/wp-json\/wp\/v2\/product_cat?post=2221"},{"taxonomy":"product_tag","embeddable":true,"href":"https:\/\/jramortecedores.com.br\/produtos\/wp-json\/wp\/v2\/product_tag?post=2221"}],"curies":[{"name":"wp","href":"https:\/\/api.w.org\/{rel}","templated":true}]}}